{"id":31227,"date":"2025-06-02T13:38:33","date_gmt":"2025-06-02T11:38:33","guid":{"rendered":"https:\/\/gliki.at\/?post_type=product&#038;p=31227"},"modified":"2025-08-05T15:25:54","modified_gmt":"2025-08-05T13:25:54","slug":"finder-10-32-8-230-0000-industrijski-vremenski-relej","status":"publish","type":"product","link":"https:\/\/gliki.at\/en\/shop\/releji\/finder-10-32-8-230-0000-industrijski-vremenski-relej\/","title":{"rendered":"Finder 10.32.8.230.0000 \u2013 foto prekidac"},"content":{"rendered":"<p>&nbsp;<\/p>\n<p><strong>Tehni\u010dke specifikacije:<\/strong><\/p>\n<table>\n<thead>\n<tr>\n<td><strong>Naziv modela<\/strong><\/td>\n<td><strong>Finder 10.32.8.230.0000 <\/strong><\/td>\n<\/tr>\n<\/thead>\n<tbody>\n<tr>\n<td><strong>Proizvo\u0111a\u010d<\/strong><\/td>\n<td>Finder<\/td>\n<\/tr>\n<tr>\n<td><strong>Kontakt konfiguracija<\/strong><\/td>\n<td>2 preklopna<\/td>\n<\/tr>\n<tr>\n<td><strong>Tip kontakata<\/strong><\/td>\n<td>2NO<\/td>\n<\/tr>\n<tr>\n<td><strong>Materijal kontakata<\/strong><\/td>\n<td>AgSnO2<\/td>\n<\/tr>\n<tr>\n<td><strong>Radni napon zavojnice<\/strong><\/td>\n<td>\u00a0230 V AC<\/td>\n<\/tr>\n<tr>\n<td><strong>Tip napajanja<\/strong><\/td>\n<td>[AC<\/td>\n<\/tr>\n<tr>\n<td><strong>Maksimalna struja<\/strong><\/td>\n<td>\u00a016 A<\/td>\n<\/tr>\n<tr>\n<td><strong>LED indikator<\/strong><\/td>\n<td>Ne<\/td>\n<\/tr>\n<tr>\n<td><strong>Mehani\u010dki indikator<\/strong><\/td>\n<td>Ne<\/td>\n<\/tr>\n<tr>\n<td><strong>ON\/OFF taster<\/strong><\/td>\n<td>Ne<\/td>\n<\/tr>\n<\/tbody>\n<\/table>","protected":false},"excerpt":{"rendered":"<p>&nbsp; Tehni\u010dke specifikacije: Naziv modela Finder 10.32.8.230.0000 Proizvo\u0111a\u010d Finder Kontakt konfiguracija 2 preklopna Tip kontakata 2NO Materijal kontakata AgSnO2 Radni<\/p>","protected":false},"featured_media":31228,"template":"","meta":[],"product_brand":[114],"product_cat":[76],"product_tag":[119],"class_list":{"0":"post-31227","1":"product","2":"type-product","3":"status-publish","4":"has-post-thumbnail","6":"product_brand-finder","7":"product_cat-releji","8":"product_tag-finder","10":"first","11":"instock","12":"taxable","13":"shipping-taxable","14":"purchasable","15":"product-type-simple"},"_links":{"self":[{"href":"https:\/\/gliki.at\/en\/wp-json\/wp\/v2\/product\/31227","targetHints":{"allow":["GET"]}}],"collection":[{"href":"https:\/\/gliki.at\/en\/wp-json\/wp\/v2\/product"}],"about":[{"href":"https:\/\/gliki.at\/en\/wp-json\/wp\/v2\/types\/product"}],"version-history":[{"count":5,"href":"https:\/\/gliki.at\/en\/wp-json\/wp\/v2\/product\/31227\/revisions"}],"predecessor-version":[{"id":31949,"href":"https:\/\/gliki.at\/en\/wp-json\/wp\/v2\/product\/31227\/revisions\/31949"}],"wp:featuredmedia":[{"embeddable":true,"href":"https:\/\/gliki.at\/en\/wp-json\/wp\/v2\/media\/31228"}],"wp:attachment":[{"href":"https:\/\/gliki.at\/en\/wp-json\/wp\/v2\/media?parent=31227"}],"wp:term":[{"taxonomy":"product_brand","embeddable":true,"href":"https:\/\/gliki.at\/en\/wp-json\/wp\/v2\/product_brand?post=31227"},{"taxonomy":"product_cat","embeddable":true,"href":"https:\/\/gliki.at\/en\/wp-json\/wp\/v2\/product_cat?post=31227"},{"taxonomy":"product_tag","embeddable":true,"href":"https:\/\/gliki.at\/en\/wp-json\/wp\/v2\/product_tag?post=31227"}],"curies":[{"name":"wp","href":"https:\/\/api.w.org\/{rel}","templated":true}]}}