{"id":31330,"date":"2025-06-02T14:28:26","date_gmt":"2025-06-02T12:28:26","guid":{"rendered":"https:\/\/gliki.at\/?post_type=product&#038;p=31330"},"modified":"2025-06-04T19:14:45","modified_gmt":"2025-06-04T17:14:45","slug":"finder-22-32-0-230-1540-industrijski-potrosni-relej","status":"publish","type":"product","link":"https:\/\/gliki.at\/en\/shop\/kontaktori\/finder-22-32-0-230-1540-industrijski-potrosni-relej\/","title":{"rendered":"instalacioni kontaktor Finder 22.32.0.230.1540"},"content":{"rendered":"<p>Finder kontaktor model 22.32.0.230.1540 strujom do 25 A.\u00a0 Radi na kontrolnom naponu 24 V AC\/DC i montira se na DIN \u0161inu. Poseduje mehani\u010dki prikaz, LED indikatore i On-auto-off prekida\u010d. Namenjen je za pouzdano prebacivanje visokih struja sa dugim radnim vekom i sigurnom izolacijom.<\/p>\n<p>Specifikacije:<\/p>\n<p>Proizvo\u0111a\u010d: Finder<\/p>\n<p>Model: 22.32.0.230.1540<\/p>\n<p>Kontaktna konfiguracija:\u00a0 2 kontakta<\/p>\n<p>Tip kontakata: 1NO+1NC<\/p>\n<p>AgNi<\/p>\n<p>Nominalni napon: 230 V AC\/DC<\/p>\n<p>Nazivna struja: 25 A<\/p>\n<p>Priklju\u010dak: \u0160raf-terminali<\/p>\n<p>IP za\u0161tita: IP20<\/p>\n<p>Monta\u017ea: DIN \u0161ina<\/p>\n<p>&nbsp;<\/p>","protected":false},"excerpt":{"rendered":"<p>Pouzdan instalacioni kontaktor\u00a0 za rad na 230 V AC\/DC, maksimalnog optere\u0107enja do 25 A, sa mehani\u010dkim i LED indikatorima.<\/p>","protected":false},"featured_media":31331,"template":"","meta":[],"product_brand":[114],"product_cat":[81],"product_tag":[119],"class_list":{"0":"post-31330","1":"product","2":"type-product","3":"status-publish","4":"has-post-thumbnail","6":"product_brand-finder","7":"product_cat-kontaktori","8":"product_tag-finder","10":"first","11":"instock","12":"taxable","13":"shipping-taxable","14":"product-type-simple"},"_links":{"self":[{"href":"https:\/\/gliki.at\/en\/wp-json\/wp\/v2\/product\/31330","targetHints":{"allow":["GET"]}}],"collection":[{"href":"https:\/\/gliki.at\/en\/wp-json\/wp\/v2\/product"}],"about":[{"href":"https:\/\/gliki.at\/en\/wp-json\/wp\/v2\/types\/product"}],"version-history":[{"count":4,"href":"https:\/\/gliki.at\/en\/wp-json\/wp\/v2\/product\/31330\/revisions"}],"predecessor-version":[{"id":31539,"href":"https:\/\/gliki.at\/en\/wp-json\/wp\/v2\/product\/31330\/revisions\/31539"}],"wp:featuredmedia":[{"embeddable":true,"href":"https:\/\/gliki.at\/en\/wp-json\/wp\/v2\/media\/31331"}],"wp:attachment":[{"href":"https:\/\/gliki.at\/en\/wp-json\/wp\/v2\/media?parent=31330"}],"wp:term":[{"taxonomy":"product_brand","embeddable":true,"href":"https:\/\/gliki.at\/en\/wp-json\/wp\/v2\/product_brand?post=31330"},{"taxonomy":"product_cat","embeddable":true,"href":"https:\/\/gliki.at\/en\/wp-json\/wp\/v2\/product_cat?post=31330"},{"taxonomy":"product_tag","embeddable":true,"href":"https:\/\/gliki.at\/en\/wp-json\/wp\/v2\/product_tag?post=31330"}],"curies":[{"name":"wp","href":"https:\/\/api.w.org\/{rel}","templated":true}]}}