{"id":31339,"date":"2025-06-02T15:43:24","date_gmt":"2025-06-02T13:43:24","guid":{"rendered":"https:\/\/gliki.at\/?post_type=product&#038;p=31339"},"modified":"2025-06-04T19:14:03","modified_gmt":"2025-06-04T17:14:03","slug":"finder-22-34-0-024-4340-industrijski-potrosni-relej","status":"publish","type":"product","link":"https:\/\/gliki.at\/en\/shop\/kontaktori\/finder-22-34-0-024-4340-industrijski-potrosni-relej\/","title":{"rendered":"Instalacioni kontaktor Finder 22.34.0.024.4340"},"content":{"rendered":"<p>Finder kontaktor model 22.34.0.024.4640 strujom do 25 A i snagom do 4 kW pri 400 V AC.\u00a0 Radi na kontrolnom naponu 24 V AC\/DC i montira se na DIN \u0161inu. Poseduje mehani\u010dki prikaz, LED indikatore i On-auto-off prekida\u010d. Namenjen je za pouzdano prebacivanje visokih struja sa dugim radnim vekom i sigurnom izolacijom.<\/p>\n<p>Specifikacije:<\/p>\n<p>Proizvo\u0111a\u010d: Finder<\/p>\n<p>Model: 22.34.0.024.4640<\/p>\n<p>Kontaktna konfiguracija:\u00a0 4 kontakta<\/p>\n<p>Tip kontakata: svi kontakti normalno otvoreni<\/p>\n<p>AgSnO2<\/p>\n<p>Nominalni napon: 24 V AC\/DC<\/p>\n<p>Nazivna struja: 25 A<\/p>\n<p>Priklju\u010dak: \u0160raf-terminali<\/p>\n<p>IP za\u0161tita: IP20<\/p>\n<p>Monta\u017ea: DIN \u0161ina<\/p>\n<p>&nbsp;<\/p>","protected":false},"excerpt":{"rendered":"<p>Finder kontaktor model 22.34.0.024.4640 , sa 4 kontakta napon\u00a0 25V AC\/DC<\/p>","protected":false},"featured_media":31340,"template":"","meta":[],"product_brand":[114],"product_cat":[81],"product_tag":[119],"class_list":{"0":"post-31339","1":"product","2":"type-product","3":"status-publish","4":"has-post-thumbnail","6":"product_brand-finder","7":"product_cat-kontaktori","8":"product_tag-finder","10":"first","11":"instock","12":"taxable","13":"shipping-taxable","14":"product-type-simple"},"_links":{"self":[{"href":"https:\/\/gliki.at\/en\/wp-json\/wp\/v2\/product\/31339","targetHints":{"allow":["GET"]}}],"collection":[{"href":"https:\/\/gliki.at\/en\/wp-json\/wp\/v2\/product"}],"about":[{"href":"https:\/\/gliki.at\/en\/wp-json\/wp\/v2\/types\/product"}],"version-history":[{"count":4,"href":"https:\/\/gliki.at\/en\/wp-json\/wp\/v2\/product\/31339\/revisions"}],"predecessor-version":[{"id":31538,"href":"https:\/\/gliki.at\/en\/wp-json\/wp\/v2\/product\/31339\/revisions\/31538"}],"wp:featuredmedia":[{"embeddable":true,"href":"https:\/\/gliki.at\/en\/wp-json\/wp\/v2\/media\/31340"}],"wp:attachment":[{"href":"https:\/\/gliki.at\/en\/wp-json\/wp\/v2\/media?parent=31339"}],"wp:term":[{"taxonomy":"product_brand","embeddable":true,"href":"https:\/\/gliki.at\/en\/wp-json\/wp\/v2\/product_brand?post=31339"},{"taxonomy":"product_cat","embeddable":true,"href":"https:\/\/gliki.at\/en\/wp-json\/wp\/v2\/product_cat?post=31339"},{"taxonomy":"product_tag","embeddable":true,"href":"https:\/\/gliki.at\/en\/wp-json\/wp\/v2\/product_tag?post=31339"}],"curies":[{"name":"wp","href":"https:\/\/api.w.org\/{rel}","templated":true}]}}