{"id":31343,"date":"2025-06-02T15:45:40","date_gmt":"2025-06-02T13:45:40","guid":{"rendered":"https:\/\/gliki.at\/?post_type=product&#038;p=31343"},"modified":"2025-06-04T19:14:25","modified_gmt":"2025-06-04T17:14:25","slug":"finder-22-34-0-024-4640-industrijski-potrosni-relej","status":"publish","type":"product","link":"https:\/\/gliki.at\/en\/shop\/kontaktori\/finder-22-34-0-024-4640-industrijski-potrosni-relej\/","title":{"rendered":"Instalacioni kontaktor Finder 22.34.0.024.4640"},"content":{"rendered":"<p>Finder kontaktor model 22.34.0.024.4640 strujom do 25 A i snagom do 4 kW pri 400 V AC.\u00a0 Radi na kontrolnom naponu 24 V AC\/DC i montira se na DIN \u0161inu. Poseduje mehani\u010dki prikaz, LED indikatore i On-auto-off prekida\u010d. Namenjen je za pouzdano prebacivanje visokih struja sa dugim radnim vekom i sigurnom izolacijom.<\/p>\n<p>Specifikacije:<\/p>\n<p>Proizvo\u0111a\u010d: Finder<\/p>\n<p>Model: 22.34.0.024.4640<\/p>\n<p>Kontaktna konfiguracija:\u00a0 4 kontakta<\/p>\n<p>Tip kontakata: 2NO+2NC<\/p>\n<p>AgSnO2<\/p>\n<p>Nominalni napon: 24 V AC\/DC<\/p>\n<p>Nazivna struja: 25 A<\/p>\n<p>Priklju\u010dak: \u0160raf-terminali<\/p>\n<p>IP za\u0161tita: IP20<\/p>\n<p>Monta\u017ea: DIN \u0161ina<\/p>\n<p>&nbsp;<\/p>","protected":false},"excerpt":{"rendered":"<p>Finder kontaktor model 22.34.0.024.4640 , sa 4 kontakta napon\u00a0 25V AC\/DC<\/p>\n<p>&nbsp;<\/p>","protected":false},"featured_media":31344,"template":"","meta":[],"product_brand":[114],"product_cat":[81],"product_tag":[119],"class_list":{"0":"post-31343","1":"product","2":"type-product","3":"status-publish","4":"has-post-thumbnail","6":"product_brand-finder","7":"product_cat-kontaktori","8":"product_tag-finder","10":"first","11":"instock","12":"taxable","13":"shipping-taxable","14":"product-type-simple"},"_links":{"self":[{"href":"https:\/\/gliki.at\/en\/wp-json\/wp\/v2\/product\/31343","targetHints":{"allow":["GET"]}}],"collection":[{"href":"https:\/\/gliki.at\/en\/wp-json\/wp\/v2\/product"}],"about":[{"href":"https:\/\/gliki.at\/en\/wp-json\/wp\/v2\/types\/product"}],"version-history":[{"count":6,"href":"https:\/\/gliki.at\/en\/wp-json\/wp\/v2\/product\/31343\/revisions"}],"predecessor-version":[{"id":31537,"href":"https:\/\/gliki.at\/en\/wp-json\/wp\/v2\/product\/31343\/revisions\/31537"}],"wp:featuredmedia":[{"embeddable":true,"href":"https:\/\/gliki.at\/en\/wp-json\/wp\/v2\/media\/31344"}],"wp:attachment":[{"href":"https:\/\/gliki.at\/en\/wp-json\/wp\/v2\/media?parent=31343"}],"wp:term":[{"taxonomy":"product_brand","embeddable":true,"href":"https:\/\/gliki.at\/en\/wp-json\/wp\/v2\/product_brand?post=31343"},{"taxonomy":"product_cat","embeddable":true,"href":"https:\/\/gliki.at\/en\/wp-json\/wp\/v2\/product_cat?post=31343"},{"taxonomy":"product_tag","embeddable":true,"href":"https:\/\/gliki.at\/en\/wp-json\/wp\/v2\/product_tag?post=31343"}],"curies":[{"name":"wp","href":"https:\/\/api.w.org\/{rel}","templated":true}]}}