{"id":31347,"date":"2025-06-02T15:48:14","date_gmt":"2025-06-02T13:48:14","guid":{"rendered":"https:\/\/gliki.at\/?post_type=product&#038;p=31347"},"modified":"2025-08-05T15:03:16","modified_gmt":"2025-08-05T13:03:16","slug":"finder-22-34-0-230-1320-industrijski-potrosni-relej","status":"publish","type":"product","link":"https:\/\/gliki.at\/en\/shop\/kontaktori\/finder-22-34-0-230-1320-industrijski-potrosni-relej\/","title":{"rendered":"Instalacioni kontaktor Finder 22.34.0.230.1320"},"content":{"rendered":"<p>Finder kontaktor model 22.34.0.230.1320 namenjen je za upravljanje trofaznim ure\u0111ajima sa nazivnom strujom do 25 A i snagom do 4 kW pri 400 V AC. Opremljen je sa 4 kontakta ,materijalom AgNi. Radi na kontrolnom naponu 230 V AC\/DC sa radnim opsegom 184-264 V. Montira se na DIN \u0161inu i poseduje mehani\u010dki prikaz, LED indikatore. Kontaktor ima du\u017ei vek trajanja i pouzdano radi sa visokim strujama i impulsnim optere\u0107enjima.<\/p>\n<p>Specifikacije:<\/p>\n<p>Proizvo\u0111a\u010d: Finder<\/p>\n<p>Model: 22.34.0.230.1320<\/p>\n<p>Tip proizvoda: Instalacioni kontaktor<\/p>\n<p>Kontaktna konfiguracija: 4 normalno otvorena kontakta<\/p>\n<p>Kontaktni materijal: AgNi<\/p>\n<p>Nominalni napon: 230 V AC\/DC<\/p>\n<p>Priklju\u010dak: \u0160raf-terminali<\/p>\n<p>IP za\u0161tita: IP20<\/p>\n<p>Dimenzije (\u0160xVxD): 35 x 88.8 x 60.8 mm<\/p>\n<p>Monta\u017ea: DIN \u0161ina<\/p>","protected":false},"excerpt":{"rendered":"<p>3-fazni kontaktor sa 4 prekida\u010da, za upravljanje do 25 A na 230 V AC\/DC.<\/p>","protected":false},"featured_media":31349,"template":"","meta":[],"product_brand":[114],"product_cat":[81],"product_tag":[119],"class_list":{"0":"post-31347","1":"product","2":"type-product","3":"status-publish","4":"has-post-thumbnail","6":"product_brand-finder","7":"product_cat-kontaktori","8":"product_tag-finder","10":"first","11":"instock","12":"taxable","13":"shipping-taxable","14":"purchasable","15":"product-type-simple"},"_links":{"self":[{"href":"https:\/\/gliki.at\/en\/wp-json\/wp\/v2\/product\/31347","targetHints":{"allow":["GET"]}}],"collection":[{"href":"https:\/\/gliki.at\/en\/wp-json\/wp\/v2\/product"}],"about":[{"href":"https:\/\/gliki.at\/en\/wp-json\/wp\/v2\/types\/product"}],"version-history":[{"count":4,"href":"https:\/\/gliki.at\/en\/wp-json\/wp\/v2\/product\/31347\/revisions"}],"predecessor-version":[{"id":31534,"href":"https:\/\/gliki.at\/en\/wp-json\/wp\/v2\/product\/31347\/revisions\/31534"}],"wp:featuredmedia":[{"embeddable":true,"href":"https:\/\/gliki.at\/en\/wp-json\/wp\/v2\/media\/31349"}],"wp:attachment":[{"href":"https:\/\/gliki.at\/en\/wp-json\/wp\/v2\/media?parent=31347"}],"wp:term":[{"taxonomy":"product_brand","embeddable":true,"href":"https:\/\/gliki.at\/en\/wp-json\/wp\/v2\/product_brand?post=31347"},{"taxonomy":"product_cat","embeddable":true,"href":"https:\/\/gliki.at\/en\/wp-json\/wp\/v2\/product_cat?post=31347"},{"taxonomy":"product_tag","embeddable":true,"href":"https:\/\/gliki.at\/en\/wp-json\/wp\/v2\/product_tag?post=31347"}],"curies":[{"name":"wp","href":"https:\/\/api.w.org\/{rel}","templated":true}]}}