{"id":31352,"date":"2025-06-02T16:11:58","date_gmt":"2025-06-02T14:11:58","guid":{"rendered":"https:\/\/gliki.at\/?post_type=product&#038;p=31352"},"modified":"2025-06-04T19:14:23","modified_gmt":"2025-06-04T17:14:23","slug":"finder-22-34-0-230-4320-industrijski-potrosni-relej","status":"publish","type":"product","link":"https:\/\/gliki.at\/en\/shop\/kontaktori\/finder-22-34-0-230-4320-industrijski-potrosni-relej\/","title":{"rendered":"Instalacioni kontaktor Finder 22.34.0.230.4320"},"content":{"rendered":"<p>Finder kontaktor model 22.34.0.230.4320 strujom do 25 A i snagom do 4 kW pri 400 V AC.\u00a0 Radi na kontrolnom naponu 24 V AC\/DC i montira se na DIN \u0161inu. Poseduje mehani\u010dki prikaz, LED indikatore. Namenjen je za pouzdano prebacivanje visokih struja sa dugim radnim vekom i sigurnom izolacijom.<\/p>\n<p>Specifikacije:<\/p>\n<p>Proizvo\u0111a\u010d: Finder<\/p>\n<p>Model: 22.34.0.230.4320<\/p>\n<p>Kontaktna konfiguracija:\u00a0 4 kontakta<\/p>\n<p>Tip kontakata: 4 normalno otvorena<\/p>\n<p>AgSNO2<\/p>\n<p>Nominalni napon: 230 V AC\/DC<\/p>\n<p>Nazivna struja: 25 A<\/p>\n<p>Priklju\u010dak: \u0160raf-terminali<\/p>\n<p>IP za\u0161tita: IP20<\/p>\n<p>Monta\u017ea: DIN \u0161ina<\/p>\n<p>&nbsp;<\/p>","protected":false},"excerpt":{"rendered":"<p data-start=\"264\" data-end=\"426\">Robustan instalacioni kontaktor sa 4 prekida\u010da, za rad na 230 V AC\/DC, sa maksimalnim optere\u0107enjem do 25 A i visokom trajno\u0161\u0107u rada, namenjen monta\u017ei na DIN \u0161inu.<\/p>\n<h3 data-start=\"428\" data-end=\"448\"><\/h3>","protected":false},"featured_media":31354,"template":"","meta":[],"product_brand":[114],"product_cat":[81],"product_tag":[119],"class_list":{"0":"post-31352","1":"product","2":"type-product","3":"status-publish","4":"has-post-thumbnail","6":"product_brand-finder","7":"product_cat-kontaktori","8":"product_tag-finder","10":"first","11":"instock","12":"taxable","13":"shipping-taxable","14":"product-type-simple"},"_links":{"self":[{"href":"https:\/\/gliki.at\/en\/wp-json\/wp\/v2\/product\/31352","targetHints":{"allow":["GET"]}}],"collection":[{"href":"https:\/\/gliki.at\/en\/wp-json\/wp\/v2\/product"}],"about":[{"href":"https:\/\/gliki.at\/en\/wp-json\/wp\/v2\/types\/product"}],"version-history":[{"count":4,"href":"https:\/\/gliki.at\/en\/wp-json\/wp\/v2\/product\/31352\/revisions"}],"predecessor-version":[{"id":31540,"href":"https:\/\/gliki.at\/en\/wp-json\/wp\/v2\/product\/31352\/revisions\/31540"}],"wp:featuredmedia":[{"embeddable":true,"href":"https:\/\/gliki.at\/en\/wp-json\/wp\/v2\/media\/31354"}],"wp:attachment":[{"href":"https:\/\/gliki.at\/en\/wp-json\/wp\/v2\/media?parent=31352"}],"wp:term":[{"taxonomy":"product_brand","embeddable":true,"href":"https:\/\/gliki.at\/en\/wp-json\/wp\/v2\/product_brand?post=31352"},{"taxonomy":"product_cat","embeddable":true,"href":"https:\/\/gliki.at\/en\/wp-json\/wp\/v2\/product_cat?post=31352"},{"taxonomy":"product_tag","embeddable":true,"href":"https:\/\/gliki.at\/en\/wp-json\/wp\/v2\/product_tag?post=31352"}],"curies":[{"name":"wp","href":"https:\/\/api.w.org\/{rel}","templated":true}]}}