{"id":31357,"date":"2025-06-02T16:13:42","date_gmt":"2025-06-02T14:13:42","guid":{"rendered":"https:\/\/gliki.at\/?post_type=product&#038;p=31357"},"modified":"2025-06-04T19:14:15","modified_gmt":"2025-06-04T17:14:15","slug":"finder-70-11-8-230-2022-jednopolni-modularni-relej","status":"publish","type":"product","link":"https:\/\/gliki.at\/en\/shop\/kontaktori\/finder-70-11-8-230-2022-jednopolni-modularni-relej\/","title":{"rendered":"Finder monitoring relej 70.11.8.230.2022"},"content":{"rendered":"<p>Finder 70.11.8.230.2022 je relej za nadzor jednofazne mre\u017ee, dizajniran za detekciju prenapona i podnapona u opsegu od 170 do 270 V AC. Namenjen je za rad u nominalnom naponskom opsegu od 220\u2013240 V AC i idealan je za za\u0161titu ure\u0111aja i sistema od o\u0161te\u0107enja izazvanih nepravilnim naponom.<\/p>\n<p>Ure\u0111aj poseduje memoriju gre\u0161ke\u00a0 i funkciju nadzora kombinovanog prenapona\/podnapona. Sa maksimalnom prekidnom mo\u0107i od 2500 VA (AC1) i podr\u0161kom za motore do 0.5 kW (AC3), omogu\u0107ava direktno upravljanje potro\u0161a\u010dima.<\/p>\n<p>Kompaktan dizajn \u0161irine samo 17.5 mm omogu\u0107ava laku monta\u017eu na DIN \u0161inu u standardne elektri\u010dne ormare. Pouzdan rad je osiguran kroz visokokvalitetne komponente i IP20 za\u0161titu.<\/p>\n<p>Poseduje promenljivo vreme zak\u0161njenja sa memorijom.<\/p>\n<p>Specifikacije:<br \/>\nProizvo\u0111a\u010d: Finder<\/p>\n<p>Model: 70.11.8.230.2022<\/p>\n<p>Tip ure\u0111aja: Monitoring relej za jednofazni napon<\/p>\n<p>Funkcije:<\/p>\n<p>Prenapon<\/p>\n<p>Podnapon<\/p>\n<p>Kombinovani opseg (preko\/pod napon)<\/p>\n<p>Memorija gre\u0161ke (selektivna)<\/p>\n<p>Nominalni napon: 220\u2013240 V AC<\/p>\n<p>Opseg detekcije napona: 170\u2013270 V AC<\/p>\n<p>Kontakt: 1 promenljivi kontakt (SPDT)<\/p>\n<p>Materijal kontakta: AgNi<\/p>\n<p>IP za\u0161tita: IP20<\/p>\n<p>Monta\u017ea: DIN \u0161ina<\/p>\n<p>Dimenzije (\u0160 \u00d7 V \u00d7 D): 17.5 \u00d7 60.8 \u00d7 88.8 mm<\/p>\n<p>Te\u017eina: 200 g<\/p>\n<p>&nbsp;<\/p>\n<p>&nbsp;<\/p>\n<p>&nbsp;<\/p>","protected":false},"excerpt":{"rendered":"<p>Monitoring relej za jednofazne sisteme sa za\u0161titom od prenapona i podnapona, radnog opsega 220\u2013240 V AC, sa memorijom gre\u0161ke i jednim promenljivim kontaktom.<\/p>\n<p>&nbsp;<\/p>","protected":false},"featured_media":31358,"template":"","meta":[],"product_brand":[114],"product_cat":[81],"product_tag":[119],"class_list":{"0":"post-31357","1":"product","2":"type-product","3":"status-publish","4":"has-post-thumbnail","6":"product_brand-finder","7":"product_cat-kontaktori","8":"product_tag-finder","10":"first","11":"instock","12":"taxable","13":"shipping-taxable","14":"product-type-simple"},"_links":{"self":[{"href":"https:\/\/gliki.at\/en\/wp-json\/wp\/v2\/product\/31357","targetHints":{"allow":["GET"]}}],"collection":[{"href":"https:\/\/gliki.at\/en\/wp-json\/wp\/v2\/product"}],"about":[{"href":"https:\/\/gliki.at\/en\/wp-json\/wp\/v2\/types\/product"}],"version-history":[{"count":4,"href":"https:\/\/gliki.at\/en\/wp-json\/wp\/v2\/product\/31357\/revisions"}],"predecessor-version":[{"id":31533,"href":"https:\/\/gliki.at\/en\/wp-json\/wp\/v2\/product\/31357\/revisions\/31533"}],"wp:featuredmedia":[{"embeddable":true,"href":"https:\/\/gliki.at\/en\/wp-json\/wp\/v2\/media\/31358"}],"wp:attachment":[{"href":"https:\/\/gliki.at\/en\/wp-json\/wp\/v2\/media?parent=31357"}],"wp:term":[{"taxonomy":"product_brand","embeddable":true,"href":"https:\/\/gliki.at\/en\/wp-json\/wp\/v2\/product_brand?post=31357"},{"taxonomy":"product_cat","embeddable":true,"href":"https:\/\/gliki.at\/en\/wp-json\/wp\/v2\/product_cat?post=31357"},{"taxonomy":"product_tag","embeddable":true,"href":"https:\/\/gliki.at\/en\/wp-json\/wp\/v2\/product_tag?post=31357"}],"curies":[{"name":"wp","href":"https:\/\/api.w.org\/{rel}","templated":true}]}}