{"id":31375,"date":"2025-06-02T16:26:34","date_gmt":"2025-06-02T14:26:34","guid":{"rendered":"https:\/\/gliki.at\/?post_type=product&#038;p=31375"},"modified":"2025-08-05T14:58:06","modified_gmt":"2025-08-05T12:58:06","slug":"finder-70-61-8-400-0000-modularni-relej","status":"publish","type":"product","link":"https:\/\/gliki.at\/en\/shop\/kontaktori\/finder-70-61-8-400-0000-modularni-relej\/","title":{"rendered":"Finder trofazni nadzorni relej 70.61.8.400.0000"},"content":{"rendered":"<p>Finder monitoring relej 70.61.8.400.0000 dizajniran je za kontrolu i za\u0161titu trofaznih sistema od nepravilnosti poput gubitka faze, pogre\u0161nog redosleda faza i neprihvatljivih naponskih odstupanja. Radi u naponskom opsegu od 208 do 480 V AC, uz nominalni opseg od 170 do 500 V (50\u201360 Hz), \u0161to ga \u010dini pogodnim za \u0161irok spektar industrijskih i komercijalnih aplikacija.<\/p>\n<p>Relej ima 1 promenljivi (change-over) kontakt sa maksimalnim optere\u0107enjem do 6 A. Kompaktan dizajn omogu\u0107ava laku ugradnju na DIN \u0161inu, a ku\u0107i\u0161te sa IP20 za\u0161titom obezbe\u0111uje sigurnost pri radu.<\/p>\n<p>Specifikacije:<br \/>\nProizvo\u0111a\u010d: Finder<\/p>\n<p>Model: 70.61.8.400.0000<\/p>\n<p>Tip: Relej za nadzor trofazne mre\u017ee<\/p>\n<p>Funkcije:<\/p>\n<p>Nadzor redosleda faza<\/p>\n<p>Detekcija gre\u0161ke faze (gubitak faze)<\/p>\n<p>Nadzor napona<\/p>\n<p>Radni napon: 208 \u2013 480 V AC (50\u201360 Hz)<\/p>\n<p>Minimalni radni napon: 208 V AC<\/p>\n<p>Maksimalni radni napon: 480 V AC<\/p>\n<p>Kontakt: 1 promenljivi kontakt (SPDT)<\/p>\n<p>IP za\u0161tita: IP20<\/p>\n<p>Monta\u017ea: DIN \u0161ina<\/p>\n<p>Pakovanje: 1 komad<\/p>","protected":false},"excerpt":{"rendered":"<p>Trofazni monitoring relej za nadzor napona, redosleda faza i gre\u0161aka u trofaznim sistemima od 208 do 480 V AC, sa jednim promenljivim kontaktom i IP20 za\u0161titom.<\/p>\n<p>&nbsp;<\/p>","protected":false},"featured_media":31376,"template":"","meta":[],"product_brand":[114],"product_cat":[81],"product_tag":[119],"class_list":{"0":"post-31375","1":"product","2":"type-product","3":"status-publish","4":"has-post-thumbnail","6":"product_brand-finder","7":"product_cat-kontaktori","8":"product_tag-finder","10":"first","11":"instock","12":"taxable","13":"shipping-taxable","14":"purchasable","15":"product-type-simple"},"_links":{"self":[{"href":"https:\/\/gliki.at\/en\/wp-json\/wp\/v2\/product\/31375","targetHints":{"allow":["GET"]}}],"collection":[{"href":"https:\/\/gliki.at\/en\/wp-json\/wp\/v2\/product"}],"about":[{"href":"https:\/\/gliki.at\/en\/wp-json\/wp\/v2\/types\/product"}],"version-history":[{"count":4,"href":"https:\/\/gliki.at\/en\/wp-json\/wp\/v2\/product\/31375\/revisions"}],"predecessor-version":[{"id":31530,"href":"https:\/\/gliki.at\/en\/wp-json\/wp\/v2\/product\/31375\/revisions\/31530"}],"wp:featuredmedia":[{"embeddable":true,"href":"https:\/\/gliki.at\/en\/wp-json\/wp\/v2\/media\/31376"}],"wp:attachment":[{"href":"https:\/\/gliki.at\/en\/wp-json\/wp\/v2\/media?parent=31375"}],"wp:term":[{"taxonomy":"product_brand","embeddable":true,"href":"https:\/\/gliki.at\/en\/wp-json\/wp\/v2\/product_brand?post=31375"},{"taxonomy":"product_cat","embeddable":true,"href":"https:\/\/gliki.at\/en\/wp-json\/wp\/v2\/product_cat?post=31375"},{"taxonomy":"product_tag","embeddable":true,"href":"https:\/\/gliki.at\/en\/wp-json\/wp\/v2\/product_tag?post=31375"}],"curies":[{"name":"wp","href":"https:\/\/api.w.org\/{rel}","templated":true}]}}