{"id":31420,"date":"2025-06-03T09:33:07","date_gmt":"2025-06-03T07:33:07","guid":{"rendered":"https:\/\/gliki.at\/?post_type=product&#038;p=31420"},"modified":"2025-08-05T14:53:01","modified_gmt":"2025-08-05T12:53:01","slug":"finder-71-31-8-400-1021-impulsni-relej","status":"publish","type":"product","link":"https:\/\/gliki.at\/en\/shop\/kontaktori\/finder-71-31-8-400-1021-impulsni-relej\/","title":{"rendered":"Finder 71.31.8.400.1021 trofazni relej za nadzor napona"},"content":{"rendered":"<p>Finder relej za nadzor napona iz serije 71 je pouzdan ure\u0111aj za kontrolu i za\u0161titu trofaznih sistema od prenapona i podnapona. Namenjen je za monta\u017eu na DIN \u0161inu, \u0161to omogu\u0107ava jednostavnu integraciju u elektro-ormare i industrijske instalacije. Relej se napaja direktno iz nadziranog sistema, bez potrebe za dodatnim izvorom napajanja.<\/p>\n<p>Opremljen jednim SPDT kontaktom (jedan promenljivi kontakt), omogu\u0107ava fleksibilno upravljanje signalnim i izvr\u0161nim krugovima. Ima podesivo ka\u0161njenje u aktivaciji (od 0,1 do 12 sekundi), \u0161to omogu\u0107ava filtriranje kratkotrajnih naponskih oscilacija.<\/p>\n<p>&nbsp;<\/p>\n<p>Specifikacije:<br \/>\nProizvo\u0111a\u010d: Finder<\/p>\n<p>Serija: 71<\/p>\n<p>Tip modula: Relej za nadzor napona<\/p>\n<p>Kontrolisani parametri: Prenapon, podnapon<\/p>\n<p>Naponski opseg: 400 V AC<\/p>\n<p>Napajanje: Iz nadziranog sistema<\/p>\n<p>Vrsta izlaza: 1 \u00d7 SPDT (promenljivi kontakt)<\/p>\n<p>Elektri\u010dni parametri izlaza: 230 V AC \/ 10 A<\/p>\n<p>Vremensko ka\u0161njenje: Podesivo 0.1 \u2013 12 s<\/p>\n<p>Monta\u017ea: Na DIN \u0161inu<\/p>\n<p>Priklju\u010dci: \u0160raf-terminali<\/p>\n<p>Dimenzije (V \u00d7 \u0160 \u00d7 D): 85 \u00d7 35 \u00d7 58 mm<\/p>\n<p>IP za\u0161tita: IP20<\/p>\n<p>Poseduje detekciju greske<\/p>\n<p>Te\u017eina: 200 g<\/p>\n<p>&nbsp;<\/p>","protected":false},"excerpt":{"rendered":"<p>Naponski monitoring relej iz serije 71 za za\u0161titu od prenapona i podnapona, sa jednim SPDT kontaktom i vremenskim ka\u0161njenjem u aktivaciji, idealan za trofazne sisteme .<\/p>","protected":false},"featured_media":31421,"template":"","meta":[],"product_brand":[114],"product_cat":[81],"product_tag":[119],"class_list":{"0":"post-31420","1":"product","2":"type-product","3":"status-publish","4":"has-post-thumbnail","6":"product_brand-finder","7":"product_cat-kontaktori","8":"product_tag-finder","10":"first","11":"instock","12":"taxable","13":"shipping-taxable","14":"product-type-simple"},"_links":{"self":[{"href":"https:\/\/gliki.at\/en\/wp-json\/wp\/v2\/product\/31420","targetHints":{"allow":["GET"]}}],"collection":[{"href":"https:\/\/gliki.at\/en\/wp-json\/wp\/v2\/product"}],"about":[{"href":"https:\/\/gliki.at\/en\/wp-json\/wp\/v2\/types\/product"}],"version-history":[{"count":5,"href":"https:\/\/gliki.at\/en\/wp-json\/wp\/v2\/product\/31420\/revisions"}],"predecessor-version":[{"id":31529,"href":"https:\/\/gliki.at\/en\/wp-json\/wp\/v2\/product\/31420\/revisions\/31529"}],"wp:featuredmedia":[{"embeddable":true,"href":"https:\/\/gliki.at\/en\/wp-json\/wp\/v2\/media\/31421"}],"wp:attachment":[{"href":"https:\/\/gliki.at\/en\/wp-json\/wp\/v2\/media?parent=31420"}],"wp:term":[{"taxonomy":"product_brand","embeddable":true,"href":"https:\/\/gliki.at\/en\/wp-json\/wp\/v2\/product_brand?post=31420"},{"taxonomy":"product_cat","embeddable":true,"href":"https:\/\/gliki.at\/en\/wp-json\/wp\/v2\/product_cat?post=31420"},{"taxonomy":"product_tag","embeddable":true,"href":"https:\/\/gliki.at\/en\/wp-json\/wp\/v2\/product_tag?post=31420"}],"curies":[{"name":"wp","href":"https:\/\/api.w.org\/{rel}","templated":true}]}}