{"id":31427,"date":"2025-06-03T10:19:33","date_gmt":"2025-06-03T08:19:33","guid":{"rendered":"https:\/\/gliki.at\/?post_type=product&#038;p=31427"},"modified":"2025-08-04T16:32:35","modified_gmt":"2025-08-04T14:32:35","slug":"finder-viseca-elektroda-sa-kablom-072-01-06","status":"publish","type":"product","link":"https:\/\/gliki.at\/en\/shop\/industrijski-senzori\/finder-viseca-elektroda-sa-kablom-072-01-06\/","title":{"rendered":"Finder elektroda nivostata sa kablom 6m \u2013 Tip 072.01.06"},"content":{"rendered":"<p>Sonda 072.01.06 je namenski razvijena za primenu u sistemima za nadzor nivoa provodljivih te\u010dnosti, kao \u0161to su voda, mleko i razne industrijske te\u010dnosti. Ova sonda dolazi sa fabri\u010dki povezanim kablom du\u017eine 6 metara i pogodna je za direktno povezivanje sa relejima serije 72.01.<\/p>\n<p>Materijali od kojih je izra\u0111ena su pogodni za upotrebu u prehrambenoj industriji, u skladu sa EU Direktivom 2002\/72 i FDA regulativom Title 21, Part 177, \u0161to omogu\u0107ava bezbednu upotrebu u procesima sa visokim higijenskim zahtevima. Ku\u0107i\u0161te sonde je pre\u010dnika 23 mm i du\u017eine 58 mm, sa maksimalnom radnom temperaturom do +100\u202f\u00b0C.<\/p>\n<p>Zahvaljuju\u0107i jednostavnoj monta\u017ei i pouzdanosti, ova sonda je idealna za industrijske procese gde je potrebna precizna i bezbedna kontrola nivoa te\u010dnosti.<\/p>\n<p>Specifikacije:<br \/>\nOsobina Vrednost<br \/>\nTip proizvoda Sonda za relej za nadzor nivoa<br \/>\nModel \/ Tip 072.01.06<br \/>\nDu\u017eina kabla 6,00 m<br \/>\nDimenzije sonde \u00d8 23 mm x 58 mm<br \/>\nMaksimalna temperatura +100\u202f\u00b0C<br \/>\nMaterijal Pogodan za prehrambenu industriju (EU 2002\/72, FDA 21 CFR 177)<br \/>\nKompatibilnost Relej serije 72.01<br \/>\nPribor (accessory) Da<br \/>\nRezervni deo Ne<br \/>\nPakovanje 1 komad<\/p>\n<p>&nbsp;<\/p>","protected":false},"excerpt":{"rendered":"<p>Sonda sa kablom du\u017eine 6 metara za merenje nivoa provodljivih te\u010dnosti. Napravljena od materijala pogodnih za kontakt sa hranom, u skladu sa evropskim i ameri\u010dkim standardima. Kompatibilna sa relejima serije 72.01.<\/p>","protected":false},"featured_media":31428,"template":"","meta":[],"product_brand":[114],"product_cat":[30],"product_tag":[119],"class_list":{"0":"post-31427","1":"product","2":"type-product","3":"status-publish","4":"has-post-thumbnail","6":"product_brand-finder","7":"product_cat-industrijski-senzori","8":"product_tag-finder","10":"first","11":"instock","12":"taxable","13":"shipping-taxable","14":"purchasable","15":"product-type-simple"},"_links":{"self":[{"href":"https:\/\/gliki.at\/en\/wp-json\/wp\/v2\/product\/31427","targetHints":{"allow":["GET"]}}],"collection":[{"href":"https:\/\/gliki.at\/en\/wp-json\/wp\/v2\/product"}],"about":[{"href":"https:\/\/gliki.at\/en\/wp-json\/wp\/v2\/types\/product"}],"version-history":[{"count":5,"href":"https:\/\/gliki.at\/en\/wp-json\/wp\/v2\/product\/31427\/revisions"}],"predecessor-version":[{"id":33256,"href":"https:\/\/gliki.at\/en\/wp-json\/wp\/v2\/product\/31427\/revisions\/33256"}],"wp:featuredmedia":[{"embeddable":true,"href":"https:\/\/gliki.at\/en\/wp-json\/wp\/v2\/media\/31428"}],"wp:attachment":[{"href":"https:\/\/gliki.at\/en\/wp-json\/wp\/v2\/media?parent=31427"}],"wp:term":[{"taxonomy":"product_brand","embeddable":true,"href":"https:\/\/gliki.at\/en\/wp-json\/wp\/v2\/product_brand?post=31427"},{"taxonomy":"product_cat","embeddable":true,"href":"https:\/\/gliki.at\/en\/wp-json\/wp\/v2\/product_cat?post=31427"},{"taxonomy":"product_tag","embeddable":true,"href":"https:\/\/gliki.at\/en\/wp-json\/wp\/v2\/product_tag?post=31427"}],"curies":[{"name":"wp","href":"https:\/\/api.w.org\/{rel}","templated":true}]}}