{"id":31432,"date":"2025-06-03T10:24:47","date_gmt":"2025-06-03T08:24:47","guid":{"rendered":"https:\/\/gliki.at\/?post_type=product&#038;p=31432"},"modified":"2025-08-05T14:47:43","modified_gmt":"2025-08-05T12:47:43","slug":"072-50-0-elektroda-za-nivo-tecnosti","status":"publish","type":"product","link":"https:\/\/gliki.at\/en\/shop\/industrijski-senzori\/072-50-0-elektroda-za-nivo-tecnosti\/","title":{"rendered":"Finder 072.50.0 elektroda za nivo te\u010dnosti"},"content":{"rendered":"<p>Finder elektroda model 072.50.0 predstavlja pouzdan ure\u0111aj za merenje nivoa te\u010dnosti u rezervoarima i cevovodnim sistemima. Napravljena od izdr\u017eljivih materijala koji osiguravaju dug vek trajanja i stabilan rad, ova elektroda se koristi u kombinaciji sa Finder relejima za automatsku kontrolu nivoa.<\/p>\n<p>Ova elektroda je jednostavna za instalaciju i kompatibilna sa \u0161irokim spektrom ure\u0111aja za upravljanje nivoom te\u010dnosti. Idealan je izbor za industrijsku upotrebu, kao i za sisteme za navodnjavanje i druge aplikacije gde je potrebna precizna detekcija nivoa.<\/p>\n<p>Specifikacije:<br \/>\nProizvo\u0111a\u010d: Finder<\/p>\n<p>Model: 072.50.0<\/p>\n<p>Tip proizvoda: Elektroda za nivo te\u010dnosti<\/p>\n<p>Namena: Detekcija nivoa te\u010dnosti<\/p>\n<p>Materijal: Otporan na koroziju metal\/plastika<\/p>\n<p>Kompatibilnost: Finder releji za nadzor nivoa<\/p>\n<p>Temperaturni opseg rada: -10\u00b0C do +50\u00b0C<\/p>\n<p>Monta\u017ea: Fiksna instalacija<\/p>\n<p>Za\u0161tita: IP65 (otporno na vlagu i prskanje)<\/p>\n<p>&nbsp;<\/p>","protected":false},"excerpt":{"rendered":"<p>Kvalitetna elektroda za detekciju nivoa te\u010dnosti, dizajnirana za preciznu i pouzdanu kontrolu u razli\u010ditim industrijskim sistemima.<\/p>","protected":false},"featured_media":31434,"template":"","meta":[],"product_brand":[114],"product_cat":[30],"product_tag":[119],"class_list":{"0":"post-31432","1":"product","2":"type-product","3":"status-publish","4":"has-post-thumbnail","6":"product_brand-finder","7":"product_cat-industrijski-senzori","8":"product_tag-finder","10":"first","11":"instock","12":"taxable","13":"shipping-taxable","14":"purchasable","15":"product-type-simple"},"_links":{"self":[{"href":"https:\/\/gliki.at\/en\/wp-json\/wp\/v2\/product\/31432","targetHints":{"allow":["GET"]}}],"collection":[{"href":"https:\/\/gliki.at\/en\/wp-json\/wp\/v2\/product"}],"about":[{"href":"https:\/\/gliki.at\/en\/wp-json\/wp\/v2\/types\/product"}],"version-history":[{"count":3,"href":"https:\/\/gliki.at\/en\/wp-json\/wp\/v2\/product\/31432\/revisions"}],"predecessor-version":[{"id":33247,"href":"https:\/\/gliki.at\/en\/wp-json\/wp\/v2\/product\/31432\/revisions\/33247"}],"wp:featuredmedia":[{"embeddable":true,"href":"https:\/\/gliki.at\/en\/wp-json\/wp\/v2\/media\/31434"}],"wp:attachment":[{"href":"https:\/\/gliki.at\/en\/wp-json\/wp\/v2\/media?parent=31432"}],"wp:term":[{"taxonomy":"product_brand","embeddable":true,"href":"https:\/\/gliki.at\/en\/wp-json\/wp\/v2\/product_brand?post=31432"},{"taxonomy":"product_cat","embeddable":true,"href":"https:\/\/gliki.at\/en\/wp-json\/wp\/v2\/product_cat?post=31432"},{"taxonomy":"product_tag","embeddable":true,"href":"https:\/\/gliki.at\/en\/wp-json\/wp\/v2\/product_tag?post=31432"}],"curies":[{"name":"wp","href":"https:\/\/api.w.org\/{rel}","templated":true}]}}