{"id":31445,"date":"2025-06-03T10:41:33","date_gmt":"2025-06-03T08:41:33","guid":{"rendered":"https:\/\/gliki.at\/?post_type=product&#038;p=31445"},"modified":"2025-08-05T14:44:26","modified_gmt":"2025-08-05T12:44:26","slug":"011-02-mini-fotosenzor","status":"publish","type":"product","link":"https:\/\/gliki.at\/en\/shop\/industrijski-senzori\/011-02-mini-fotosenzor\/","title":{"rendered":"Finder 011.02 mini fotosenzor"},"content":{"rendered":"<p>Mini fotosenzor model 011.02 je pouzdano re\u0161enje za detekciju prisustva ili odsustva svetlosti u raznim aplikacijama automatizacije. Zbog svoje kompaktne veli\u010dine, idealan je za ugradnju u ograni\u010denim prostorima, kao \u0161to su upravlja\u010dke kutije, industrijski ure\u0111aji i elektri\u010dni ormari\u0107i.<\/p>\n<p>Senzor reaguje na promenu osvetljenja i mo\u017ee se koristiti za upravljanje svetlom, aktivaciju ure\u0111aja ili kao deo sigurnosnih i nadzornih sistema. Odlikuje ga brza reakcija, stabilan rad i jednostavna integracija u postoje\u0107e sisteme.<\/p>\n<p>Specifikacije:<br \/>\nModel: 011.02<\/p>\n<p>Tip: Mini fotosenzor (detektor svetlosti)<\/p>\n<p>Namena: Detekcija svetlosti u automatizovanim sistemima<\/p>\n<p>Izlaz: Digitalni (ON\/OFF)<\/p>\n<p>Materijal ku\u0107i\u0161ta: Plastika otporna na udarce<\/p>\n<p>Dimenzije: Mini format<\/p>\n<p>Za\u0161tita: IP50<\/p>\n<p>&nbsp;<\/p>\n<p>&nbsp;<\/p>","protected":false},"excerpt":{"rendered":"<p>Kompaktni mini fotosenzor 011.02 za preciznu detekciju svetlosti u sistemima automatike i kontrole.<\/p>","protected":false},"featured_media":31446,"template":"","meta":[],"product_brand":[114],"product_cat":[30],"product_tag":[119],"class_list":{"0":"post-31445","1":"product","2":"type-product","3":"status-publish","4":"has-post-thumbnail","6":"product_brand-finder","7":"product_cat-industrijski-senzori","8":"product_tag-finder","10":"first","11":"instock","12":"taxable","13":"shipping-taxable","14":"purchasable","15":"product-type-simple"},"_links":{"self":[{"href":"https:\/\/gliki.at\/en\/wp-json\/wp\/v2\/product\/31445","targetHints":{"allow":["GET"]}}],"collection":[{"href":"https:\/\/gliki.at\/en\/wp-json\/wp\/v2\/product"}],"about":[{"href":"https:\/\/gliki.at\/en\/wp-json\/wp\/v2\/types\/product"}],"version-history":[{"count":5,"href":"https:\/\/gliki.at\/en\/wp-json\/wp\/v2\/product\/31445\/revisions"}],"predecessor-version":[{"id":33328,"href":"https:\/\/gliki.at\/en\/wp-json\/wp\/v2\/product\/31445\/revisions\/33328"}],"wp:featuredmedia":[{"embeddable":true,"href":"https:\/\/gliki.at\/en\/wp-json\/wp\/v2\/media\/31446"}],"wp:attachment":[{"href":"https:\/\/gliki.at\/en\/wp-json\/wp\/v2\/media?parent=31445"}],"wp:term":[{"taxonomy":"product_brand","embeddable":true,"href":"https:\/\/gliki.at\/en\/wp-json\/wp\/v2\/product_brand?post=31445"},{"taxonomy":"product_cat","embeddable":true,"href":"https:\/\/gliki.at\/en\/wp-json\/wp\/v2\/product_cat?post=31445"},{"taxonomy":"product_tag","embeddable":true,"href":"https:\/\/gliki.at\/en\/wp-json\/wp\/v2\/product_tag?post=31445"}],"curies":[{"name":"wp","href":"https:\/\/api.w.org\/{rel}","templated":true}]}}