{"id":32277,"date":"2025-07-04T11:48:49","date_gmt":"2025-07-04T09:48:49","guid":{"rendered":"https:\/\/gliki.at\/?post_type=product&#038;p=32277"},"modified":"2025-07-22T11:53:18","modified_gmt":"2025-07-22T09:53:18","slug":"fatek-m04ad-4-kanalni-analogni-ulazni-modul-za-fatek-plc-sisteme","status":"publish","type":"product","link":"https:\/\/gliki.at\/en\/shop\/plc-kontroleri\/periferije\/fatek-m04ad-4-kanalni-analogni-ulazni-modul-za-fatek-plc-sisteme\/","title":{"rendered":"Fatek M04AD-Analogni I\/O Modul"},"content":{"rendered":"<p>Pro\u0161irenje za Fatek M seriju PLC kontrolera omogu\u0107ava pouzdano \u0161irenje I\/O kapaciteta uz minimalnu latenciju signala. Kompatibilno sa osnovnim jedinicama, namenjeno za kompleksne automatizovane sisteme koji zahtevaju skalabilnost, preciznost i integraciju sa savremenim komunikacionim protokolima.<\/p>","protected":false},"excerpt":{"rendered":"<p>Pro\u0161irenje za Fatek M seriju PLC kontrolera<\/p>","protected":false},"featured_media":32278,"template":"","meta":[],"product_brand":[111],"product_cat":[43,95],"product_tag":[],"class_list":{"0":"post-32277","1":"product","2":"type-product","3":"status-publish","4":"has-post-thumbnail","6":"product_brand-fatek","7":"product_cat-plc-kontroleri","8":"product_cat-periferije","10":"first","11":"instock","12":"taxable","13":"shipping-taxable","14":"purchasable","15":"product-type-simple"},"_links":{"self":[{"href":"https:\/\/gliki.at\/en\/wp-json\/wp\/v2\/product\/32277","targetHints":{"allow":["GET"]}}],"collection":[{"href":"https:\/\/gliki.at\/en\/wp-json\/wp\/v2\/product"}],"about":[{"href":"https:\/\/gliki.at\/en\/wp-json\/wp\/v2\/types\/product"}],"version-history":[{"count":4,"href":"https:\/\/gliki.at\/en\/wp-json\/wp\/v2\/product\/32277\/revisions"}],"predecessor-version":[{"id":32725,"href":"https:\/\/gliki.at\/en\/wp-json\/wp\/v2\/product\/32277\/revisions\/32725"}],"wp:featuredmedia":[{"embeddable":true,"href":"https:\/\/gliki.at\/en\/wp-json\/wp\/v2\/media\/32278"}],"wp:attachment":[{"href":"https:\/\/gliki.at\/en\/wp-json\/wp\/v2\/media?parent=32277"}],"wp:term":[{"taxonomy":"product_brand","embeddable":true,"href":"https:\/\/gliki.at\/en\/wp-json\/wp\/v2\/product_brand?post=32277"},{"taxonomy":"product_cat","embeddable":true,"href":"https:\/\/gliki.at\/en\/wp-json\/wp\/v2\/product_cat?post=32277"},{"taxonomy":"product_tag","embeddable":true,"href":"https:\/\/gliki.at\/en\/wp-json\/wp\/v2\/product_tag?post=32277"}],"curies":[{"name":"wp","href":"https:\/\/api.w.org\/{rel}","templated":true}]}}