{"id":32730,"date":"2025-07-22T19:55:46","date_gmt":"2025-07-22T17:55:46","guid":{"rendered":"https:\/\/gliki.at\/?post_type=product&#038;p=32730"},"modified":"2025-07-22T20:21:49","modified_gmt":"2025-07-22T18:21:49","slug":"industrijski-sigurnosni-radioupravljaci-bezicno-upravljanje-punto","status":"publish","type":"product","link":"https:\/\/gliki.at\/en\/shop\/radio-komande\/industrijski-sigurnosni-radioupravljaci-bezicno-upravljanje-punto\/","title":{"rendered":"PUNTO Industrijski sigurnosni radioupravlja\u010di (be\u017ei\u010dno upravljanje)"},"content":{"rendered":"<p data-start=\"223\" data-end=\"590\">Standardne konfiguracije uklju\u010duju 2 uklju\u010deno\/isklju\u010deno d\u017eojstika (jednoosne ili dvoosne), ili 2 proporcionalna d\u017eojstika, ili 4 jednoosna, 3 prekida\u010da,<br data-start=\"377\" data-end=\"380\" \/>uklonjiv klju\u010d za aktivaciju i taster za hitno zaustavljanje.<br data-start=\"441\" data-end=\"444\" \/>Prenosiva stanica se mo\u017ee prilagoditi u skladu sa specifikacijama koje dostavi kupac.<br data-start=\"529\" data-end=\"532\" \/>Napaja se pomo\u0107u zamenljive baterije sa posebnim punja\u010dem.<\/p>\n<p data-start=\"592\" data-end=\"1196\">Koristi se za daljinsko upravljanje septi\u010dkim pumpama, raspr\u0161iva\u010dima pra\u0161ine, kompaktnim presama, ma\u0161inama za kamenolome, testerama, mlinovima,<br data-start=\"735\" data-end=\"738\" \/>ma\u0161inama za prosejavanje, transporterima, ru\u0161ilicama, bu\u0161ilicama, tunelskim ma\u0161inama, \u0161lep vozilima, pokretnim kamionima za hranu ili prodaju,<br data-start=\"880\" data-end=\"883\" \/>platformama za utovar, tornjevskim kranovima, samopodiznim kranovima, kontejnerskim kamionima, dizalicama sa kukom, mostnim kranovima, grednim kranovima,<br data-start=\"1036\" data-end=\"1039\" \/>trono\u017enim kranovima, zastavastim kranovima, hidrauli\u010dnim kranovima za kamione, mobilnim kranovima, radnim platformama, u industrijskim procesima i logistici.<\/p>","protected":false},"excerpt":{"rendered":"<p>Kompaktan i pouzdan PUNTO be\u017ei\u010dni radioupravlja\u010d za industrijsku upotrebu. Idealno re\u0161enje za daljinsko upravljanje ma\u0161inama, kranovima, pumpama i logistikom.<\/p>","protected":false},"featured_media":32732,"template":"","meta":[],"product_brand":[150],"product_cat":[21],"product_tag":[152],"class_list":{"0":"post-32730","1":"product","2":"type-product","3":"status-publish","4":"has-post-thumbnail","6":"product_brand-elca","7":"product_cat-radio-komande","8":"product_tag-elca-radiocommandi","10":"first","11":"instock","12":"taxable","13":"shipping-taxable","14":"purchasable","15":"product-type-simple"},"_links":{"self":[{"href":"https:\/\/gliki.at\/en\/wp-json\/wp\/v2\/product\/32730","targetHints":{"allow":["GET"]}}],"collection":[{"href":"https:\/\/gliki.at\/en\/wp-json\/wp\/v2\/product"}],"about":[{"href":"https:\/\/gliki.at\/en\/wp-json\/wp\/v2\/types\/product"}],"version-history":[{"count":2,"href":"https:\/\/gliki.at\/en\/wp-json\/wp\/v2\/product\/32730\/revisions"}],"predecessor-version":[{"id":32753,"href":"https:\/\/gliki.at\/en\/wp-json\/wp\/v2\/product\/32730\/revisions\/32753"}],"wp:featuredmedia":[{"embeddable":true,"href":"https:\/\/gliki.at\/en\/wp-json\/wp\/v2\/media\/32732"}],"wp:attachment":[{"href":"https:\/\/gliki.at\/en\/wp-json\/wp\/v2\/media?parent=32730"}],"wp:term":[{"taxonomy":"product_brand","embeddable":true,"href":"https:\/\/gliki.at\/en\/wp-json\/wp\/v2\/product_brand?post=32730"},{"taxonomy":"product_cat","embeddable":true,"href":"https:\/\/gliki.at\/en\/wp-json\/wp\/v2\/product_cat?post=32730"},{"taxonomy":"product_tag","embeddable":true,"href":"https:\/\/gliki.at\/en\/wp-json\/wp\/v2\/product_tag?post=32730"}],"curies":[{"name":"wp","href":"https:\/\/api.w.org\/{rel}","templated":true}]}}