{"id":32747,"date":"2025-07-22T20:21:23","date_gmt":"2025-07-22T18:21:23","guid":{"rendered":"https:\/\/gliki.at\/?post_type=product&#038;p=32747"},"modified":"2025-07-22T20:21:23","modified_gmt":"2025-07-22T18:21:23","slug":"mia-rucni-radioupravljac","status":"publish","type":"product","link":"https:\/\/gliki.at\/en\/shop\/radio-komande\/mia-rucni-radioupravljac\/","title":{"rendered":"MIA \u2013 Ru\u010dni radioupravlja\u010d"},"content":{"rendered":"<p>Ru\u010dni industrijski sigurnosni radioupravlja\u010d (be\u017ei\u010dno upravljanje) MIA sa 10 dvobrzinskih tastera i 2 programabilna jednobrzinska, Start i Stop funkcijama.<\/p>\n<p>Opcije uklju\u010duju: 1-0-1 klizni prekida\u010d, bo\u010dne tastere, potenciometar, 4 LED povratne informacije ili aktivnu selekciju, grafi\u010dki displej za povratne informacije,<br \/>\n&#8222;dead-man&#8220; funkciju, off-on-off re\u017eim i dodatne funkcije. Klju\u010d za uparivanje lako dostupan spolja.<br \/>\nZamenljiva litijumska baterija sa napajanjem ELCA-CLIP.<\/p>\n<p>Koristi se za daljinsko upravljanje tornjevskim i samopodiznim kranovima, mostnim, grednim, trono\u017enim i zastavastim kranovima, ma\u0161inama za kamenolome, testerama, mlinovima, sito ma\u0161inama, transporterima, ru\u0161ilicama, PLC-ovima, relejnom kontrolom i kontaktorima.<\/p>","protected":false},"excerpt":{"rendered":"<article class=\"text-token-text-primary w-full\" dir=\"auto\" data-testid=\"conversation-turn-18\" data-scroll-anchor=\"true\">\n<div class=\"text-base my-auto mx-auto pb-10 [--thread-content-margin:--spacing(4)] @[37rem]:[--thread-content-margin:--spacing(6)] @[72rem]:[--thread-content-margin:--spacing(16)] px-(--thread-content-margin)\">\n<div class=\"[--thread-content-max-width:32rem] @[34rem]:[--thread-content-max-width:40rem] @[64rem]:[--thread-content-max-width:48rem] mx-auto max-w-(--thread-content-max-width) flex-1 group\/turn-messages focus-visible:outline-hidden relative flex w-full min-w-0 flex-col agent-turn\">\n<div class=\"flex max-w-full flex-col grow\">\n<div class=\"min-h-8 text-message relative flex w-full flex-col items-end gap-2 text-start break-words whitespace-normal [.text-message+&amp;]:mt-5\" dir=\"auto\" data-message-author-role=\"assistant\" data-message-id=\"4b5abc29-201d-4098-91fe-a1f91abe44a5\" data-message-model-slug=\"gpt-4o\">\n<div class=\"flex w-full flex-col gap-1 empty:hidden first:pt-[3px]\">\n<div class=\"markdown prose dark:prose-invert w-full break-words light\">\n<p data-start=\"851\" data-end=\"1050\" data-is-last-node=\"\" data-is-only-node=\"\">MIA je ru\u010dni be\u017ei\u010dni radioupravlja\u010d sa 10 dvobrzinskih i 2 programabilna tastera, opcijama za LED signalizaciju i displej, idealan za upravljanje kranovima i industrijskim sistemima.<\/p>\n<\/div>\n<\/div>\n<\/div>\n<\/div>\n<div class=\"mx-[var(--mini-thread-content-inset)]\">\n<div class=\"flex min-h-[46px] justify-start\"><\/div>\n<\/div>\n<\/div>\n<\/div>\n<\/article>\n<div class=\"pointer-events-none h-px w-px\" aria-hidden=\"true\" data-edge=\"true\"><\/div>","protected":false},"featured_media":32748,"template":"","meta":[],"product_brand":[150],"product_cat":[21],"product_tag":[],"class_list":{"0":"post-32747","1":"product","2":"type-product","3":"status-publish","4":"has-post-thumbnail","6":"product_brand-elca","7":"product_cat-radio-komande","9":"first","10":"instock","11":"taxable","12":"shipping-taxable","13":"purchasable","14":"product-type-simple"},"_links":{"self":[{"href":"https:\/\/gliki.at\/en\/wp-json\/wp\/v2\/product\/32747","targetHints":{"allow":["GET"]}}],"collection":[{"href":"https:\/\/gliki.at\/en\/wp-json\/wp\/v2\/product"}],"about":[{"href":"https:\/\/gliki.at\/en\/wp-json\/wp\/v2\/types\/product"}],"version-history":[{"count":1,"href":"https:\/\/gliki.at\/en\/wp-json\/wp\/v2\/product\/32747\/revisions"}],"predecessor-version":[{"id":32752,"href":"https:\/\/gliki.at\/en\/wp-json\/wp\/v2\/product\/32747\/revisions\/32752"}],"wp:featuredmedia":[{"embeddable":true,"href":"https:\/\/gliki.at\/en\/wp-json\/wp\/v2\/media\/32748"}],"wp:attachment":[{"href":"https:\/\/gliki.at\/en\/wp-json\/wp\/v2\/media?parent=32747"}],"wp:term":[{"taxonomy":"product_brand","embeddable":true,"href":"https:\/\/gliki.at\/en\/wp-json\/wp\/v2\/product_brand?post=32747"},{"taxonomy":"product_cat","embeddable":true,"href":"https:\/\/gliki.at\/en\/wp-json\/wp\/v2\/product_cat?post=32747"},{"taxonomy":"product_tag","embeddable":true,"href":"https:\/\/gliki.at\/en\/wp-json\/wp\/v2\/product_tag?post=32747"}],"curies":[{"name":"wp","href":"https:\/\/api.w.org\/{rel}","templated":true}]}}