{"id":32755,"date":"2025-07-22T20:25:20","date_gmt":"2025-07-22T18:25:20","guid":{"rendered":"https:\/\/gliki.at\/?post_type=product&#038;p=32755"},"modified":"2025-07-22T20:26:17","modified_gmt":"2025-07-22T18:26:17","slug":"mini-plus-kompaktni-rucni-radioupravljac","status":"publish","type":"product","link":"https:\/\/gliki.at\/en\/shop\/radio-komande\/mini-plus-kompaktni-rucni-radioupravljac\/","title":{"rendered":"MINI+ (Plus) \u2013 Kompaktni ru\u010dni radioupravlja\u010d"},"content":{"rendered":"<p>Industrijski radioupravlja\u010d (be\u017ei\u010dno upravljanje) MINI+ (Plus) je novi kompaktni ru\u010dni ure\u0111aj (te\u017eine 200 g) koji pro\u0161iruje seriju MINI modela.<br \/>\nDostupan u konfiguracijama sa 4, 6 ili 8 komandi, jasno ozna\u010denih; ergonomski oblik omogu\u0107ava jednostavno kori\u0161\u0107enje \u010dak i sa za\u0161titnim rukavicama.<\/p>\n<p>Elektronika E1 mo\u017ee imati jedno- ili dvobrzinske tastere, funkciju zaustavljanja u kategoriji 3 PL d prema EN ISO 13849-1;<br \/>\n4 programabilna LED indikatora za povratne informacije.<br \/>\nNapajanje putem litijumske baterije; USB napajanje i Elca-Clip USB kabl (opcionalno mogu\u0107e koristiti i AA baterije bez opcije punjenja).<\/p>\n<p>Koristi se za daljinsko upravljanje poljoprivrednim ma\u0161inama, tornjevskim i samopodiznim kranovima, manipulatorima, ma\u0161inama za obradu,<br \/>\nindustrijskim procesima, \u0161lep vozilima, pokretnim kamionima za hranu ili prodaju, platformama za utovar, pumpama za beton, me\u0161alicama za beton,<br \/>\ntrakama transportera, septi\u010dkim pumpama, raspr\u0161iva\u010dima pra\u0161ine, kompaktnim presama, PLC-ovima, relejnom kontrolom i kontaktorima.<\/p>","protected":false},"excerpt":{"rendered":"<article class=\"text-token-text-primary w-full\" dir=\"auto\" data-testid=\"conversation-turn-20\" data-scroll-anchor=\"true\">\n<div class=\"text-base my-auto mx-auto pb-10 [--thread-content-margin:--spacing(4)] @[37rem]:[--thread-content-margin:--spacing(6)] @[72rem]:[--thread-content-margin:--spacing(16)] px-(--thread-content-margin)\">\n<div class=\"[--thread-content-max-width:32rem] @[34rem]:[--thread-content-max-width:40rem] @[64rem]:[--thread-content-max-width:48rem] mx-auto max-w-(--thread-content-max-width) flex-1 group\/turn-messages focus-visible:outline-hidden relative flex w-full min-w-0 flex-col agent-turn\">\n<div class=\"flex max-w-full flex-col grow\">\n<div class=\"min-h-8 text-message relative flex w-full flex-col items-end gap-2 text-start break-words whitespace-normal [.text-message+&amp;]:mt-5\" dir=\"auto\" data-message-author-role=\"assistant\" data-message-id=\"eb51a25a-bb0b-4c1f-b480-092ea78d8ef1\" data-message-model-slug=\"gpt-4o\">\n<div class=\"flex w-full flex-col gap-1 empty:hidden first:pt-[3px]\">\n<div class=\"markdown prose dark:prose-invert w-full break-words light\">\n<p data-start=\"1157\" data-end=\"1334\" data-is-last-node=\"\" data-is-only-node=\"\">MINI+ je lagan i kompaktan ru\u010dni radioupravlja\u010d sa do 8 komandi, LED signalizacijom i USB napajanjem. Idealan za ma\u0161ine u poljoprivredi, industriji i gra\u0111evini.<\/p>\n<\/div>\n<\/div>\n<\/div>\n<\/div>\n<div class=\"mx-[var(--mini-thread-content-inset)]\">\n<div class=\"flex min-h-[46px] justify-start\"><\/div>\n<\/div>\n<div class=\"aria-live=polite absolute\">\n<div class=\"flex items-center justify-center\"><\/div>\n<\/div>\n<\/div>\n<\/div>\n<\/article>\n<div class=\"pointer-events-none h-px w-px\" aria-hidden=\"true\" data-edge=\"true\"><\/div>","protected":false},"featured_media":32756,"template":"","meta":[],"product_brand":[150],"product_cat":[21],"product_tag":[],"class_list":{"0":"post-32755","1":"product","2":"type-product","3":"status-publish","4":"has-post-thumbnail","6":"product_brand-elca","7":"product_cat-radio-komande","9":"first","10":"instock","11":"taxable","12":"shipping-taxable","13":"purchasable","14":"product-type-simple"},"_links":{"self":[{"href":"https:\/\/gliki.at\/en\/wp-json\/wp\/v2\/product\/32755","targetHints":{"allow":["GET"]}}],"collection":[{"href":"https:\/\/gliki.at\/en\/wp-json\/wp\/v2\/product"}],"about":[{"href":"https:\/\/gliki.at\/en\/wp-json\/wp\/v2\/types\/product"}],"version-history":[{"count":1,"href":"https:\/\/gliki.at\/en\/wp-json\/wp\/v2\/product\/32755\/revisions"}],"predecessor-version":[{"id":32760,"href":"https:\/\/gliki.at\/en\/wp-json\/wp\/v2\/product\/32755\/revisions\/32760"}],"wp:featuredmedia":[{"embeddable":true,"href":"https:\/\/gliki.at\/en\/wp-json\/wp\/v2\/media\/32756"}],"wp:attachment":[{"href":"https:\/\/gliki.at\/en\/wp-json\/wp\/v2\/media?parent=32755"}],"wp:term":[{"taxonomy":"product_brand","embeddable":true,"href":"https:\/\/gliki.at\/en\/wp-json\/wp\/v2\/product_brand?post=32755"},{"taxonomy":"product_cat","embeddable":true,"href":"https:\/\/gliki.at\/en\/wp-json\/wp\/v2\/product_cat?post=32755"},{"taxonomy":"product_tag","embeddable":true,"href":"https:\/\/gliki.at\/en\/wp-json\/wp\/v2\/product_tag?post=32755"}],"curies":[{"name":"wp","href":"https:\/\/api.w.org\/{rel}","templated":true}]}}