{"id":32771,"date":"2025-07-22T20:35:30","date_gmt":"2025-07-22T18:35:30","guid":{"rendered":"https:\/\/gliki.at\/?post_type=product&#038;p=32771"},"modified":"2025-07-22T20:35:30","modified_gmt":"2025-07-22T18:35:30","slug":"mini-4-kanala-kompaktni-rucni-radioupravljac-2","status":"publish","type":"product","link":"https:\/\/gliki.at\/en\/shop\/radio-komande\/mini-4-kanala-kompaktni-rucni-radioupravljac-2\/","title":{"rendered":"MINI+ (4 kanala)\u2013 Kompaktni ru\u010dni radioupravlja\u010d"},"content":{"rendered":"<p>ndustrijski radioupravlja\u010d (be\u017ei\u010dno upravljanje) MINI+ (Plus) je novi kompaktni ru\u010dni ure\u0111aj (te\u017eine 200 g) koji pro\u0161iruje seriju MINI modela.<br \/>\nDostupan u konfiguracijama sa 4, 6 ili 8 komandi, jasno ozna\u010denih; ergonomski oblik omogu\u0107ava jednostavno kori\u0161\u0107enje \u010dak i sa za\u0161titnim rukavicama.<\/p>\n<p>Elektronika E1 mo\u017ee imati jedno- ili dvobrzinske tastere, funkciju zaustavljanja u kategoriji 3 PL d prema EN ISO 13849-1;<br \/>\n4 programabilna LED indikatora za povratne informacije.<br \/>\nNapajanje putem litijumske baterije; USB napajanje i Elca-Clip USB kabl (opcionalno mogu\u0107e koristiti i AA baterije bez opcije punjenja).<\/p>\n<p>Koristi se za daljinsko upravljanje poljoprivrednim ma\u0161inama, tornjevskim i samopodiznim kranovima, manipulatorima, ma\u0161inama za obradu,<br \/>\nindustrijskim procesima, \u0161lep vozilima, pokretnim kamionima za hranu ili prodaju, platformama za utovar, pumpama za beton, me\u0161alicama za beton,<br \/>\ntrakama transportera, septi\u010dkim pumpama, raspr\u0161iva\u010dima pra\u0161ine, kompaktnim presama, PLC-ovima, relejnom kontrolom i kontaktorima.<\/p>","protected":false},"excerpt":{"rendered":"<p>MINI+ je lagan i kompaktan ru\u010dni radioupravlja\u010d sa do 4 komande, LED signalizacijom i USB napajanjem. Idealan za ma\u0161ine u poljoprivredi, industriji i gra\u0111evin<\/p>","protected":false},"featured_media":32772,"template":"","meta":[],"product_brand":[150],"product_cat":[21],"product_tag":[],"class_list":{"0":"post-32771","1":"product","2":"type-product","3":"status-publish","4":"has-post-thumbnail","6":"product_brand-elca","7":"product_cat-radio-komande","9":"first","10":"instock","11":"taxable","12":"shipping-taxable","13":"purchasable","14":"product-type-simple"},"_links":{"self":[{"href":"https:\/\/gliki.at\/en\/wp-json\/wp\/v2\/product\/32771","targetHints":{"allow":["GET"]}}],"collection":[{"href":"https:\/\/gliki.at\/en\/wp-json\/wp\/v2\/product"}],"about":[{"href":"https:\/\/gliki.at\/en\/wp-json\/wp\/v2\/types\/product"}],"version-history":[{"count":1,"href":"https:\/\/gliki.at\/en\/wp-json\/wp\/v2\/product\/32771\/revisions"}],"predecessor-version":[{"id":32774,"href":"https:\/\/gliki.at\/en\/wp-json\/wp\/v2\/product\/32771\/revisions\/32774"}],"wp:featuredmedia":[{"embeddable":true,"href":"https:\/\/gliki.at\/en\/wp-json\/wp\/v2\/media\/32772"}],"wp:attachment":[{"href":"https:\/\/gliki.at\/en\/wp-json\/wp\/v2\/media?parent=32771"}],"wp:term":[{"taxonomy":"product_brand","embeddable":true,"href":"https:\/\/gliki.at\/en\/wp-json\/wp\/v2\/product_brand?post=32771"},{"taxonomy":"product_cat","embeddable":true,"href":"https:\/\/gliki.at\/en\/wp-json\/wp\/v2\/product_cat?post=32771"},{"taxonomy":"product_tag","embeddable":true,"href":"https:\/\/gliki.at\/en\/wp-json\/wp\/v2\/product_tag?post=32771"}],"curies":[{"name":"wp","href":"https:\/\/api.w.org\/{rel}","templated":true}]}}