{"id":33306,"date":"2025-08-04T18:05:32","date_gmt":"2025-08-04T16:05:32","guid":{"rendered":"https:\/\/gliki.at\/?post_type=product&#038;p=33306"},"modified":"2025-08-04T18:05:32","modified_gmt":"2025-08-04T16:05:32","slug":"frekventni-regulator-danfoss-ic2-micro-trofazni-55kw","status":"publish","type":"product","link":"https:\/\/gliki.at\/en\/shop\/frekventni-regulatori\/frekventni-regulator-danfoss-ic2-micro-trofazni-55kw\/","title":{"rendered":"Frekventni regulator Danfoss  ic2-micro trofazni 5,5KW"},"content":{"rendered":"<p>Ovaj kvalitetan frekventni regulator op\u0161te namene savr\u0161en je izbor za \u0161irok spektar primena. iC2-Micro pru\u017ea izuzetnu pouzdanost \u010dak i u slo\u017eenim aplikacijama. Nudi jednostavnost za korisnika, sa\u017eetu funkcionalnost i lako pu\u0161tanje u rad \u2013 sve to u sna\u017enom i kompaktom ku\u0107i\u0161tu.<\/p>\n<p>Kompaktniji, inteligentniji i sna\u017eniji od svog prethodnika, iC2-Micro je dizajniran kao laka zamena za VLT\u00ae Micro Drive FC 51. Ovaj pouzdan i izdr\u017eljiv regulator sada je jo\u0161 jednostavniji za kori\u0161\u0107enje i instalaciju. Omogu\u0107ava ti da smanji\u0161 slo\u017eenost sistema i tro\u0161kove, a da pri tome zadr\u017ei\u0161 punu funkcionalnost.<\/p>\n<p>Ulazni napon i opseg snage:<\/p>\n<ul>\n<li><strong>1 x 200\u2013240 V<\/strong> &#8230; 0,37 do 2,2 kW<\/li>\n<li><strong>3 x 380\u2013480 V<\/strong> &#8230; 0,37 do 22 kW<\/li>\n<li><strong>1 x 100\u2013120 V<\/strong> &#8230; 0,37 do 1,1 kW<\/li>\n<li><strong>3 x 200\u2013240 V<\/strong> &#8230; 0,37 do 11 kW<\/li>\n<\/ul>","protected":false},"excerpt":{"rendered":"<p>Danfoss ic2-micro je kompaktan i pouzdan frekventni regulator op\u0161te namene, iC2-Micro nudi jednostavno upravljanje, brzu instalaciju i \u0161irok opseg napajanja od 0,37 do 22 kW za jednofazne i trofazne sisteme.<\/p>","protected":false},"featured_media":33307,"template":"","meta":[],"product_brand":[153],"product_cat":[33],"product_tag":[],"class_list":{"0":"post-33306","1":"product","2":"type-product","3":"status-publish","4":"has-post-thumbnail","6":"product_brand-danfoss","7":"product_cat-frekventni-regulatori","9":"first","10":"instock","11":"taxable","12":"shipping-taxable","13":"product-type-simple"},"_links":{"self":[{"href":"https:\/\/gliki.at\/en\/wp-json\/wp\/v2\/product\/33306","targetHints":{"allow":["GET"]}}],"collection":[{"href":"https:\/\/gliki.at\/en\/wp-json\/wp\/v2\/product"}],"about":[{"href":"https:\/\/gliki.at\/en\/wp-json\/wp\/v2\/types\/product"}],"version-history":[{"count":1,"href":"https:\/\/gliki.at\/en\/wp-json\/wp\/v2\/product\/33306\/revisions"}],"predecessor-version":[{"id":33311,"href":"https:\/\/gliki.at\/en\/wp-json\/wp\/v2\/product\/33306\/revisions\/33311"}],"wp:featuredmedia":[{"embeddable":true,"href":"https:\/\/gliki.at\/en\/wp-json\/wp\/v2\/media\/33307"}],"wp:attachment":[{"href":"https:\/\/gliki.at\/en\/wp-json\/wp\/v2\/media?parent=33306"}],"wp:term":[{"taxonomy":"product_brand","embeddable":true,"href":"https:\/\/gliki.at\/en\/wp-json\/wp\/v2\/product_brand?post=33306"},{"taxonomy":"product_cat","embeddable":true,"href":"https:\/\/gliki.at\/en\/wp-json\/wp\/v2\/product_cat?post=33306"},{"taxonomy":"product_tag","embeddable":true,"href":"https:\/\/gliki.at\/en\/wp-json\/wp\/v2\/product_tag?post=33306"}],"curies":[{"name":"wp","href":"https:\/\/api.w.org\/{rel}","templated":true}]}}