{"id":33393,"date":"2025-08-06T13:21:11","date_gmt":"2025-08-06T11:21:11","guid":{"rendered":"https:\/\/gliki.at\/?post_type=product&#038;p=33393"},"modified":"2025-08-06T13:24:53","modified_gmt":"2025-08-06T11:24:53","slug":"kinco-step-driver-2cm545","status":"publish","type":"product","link":"https:\/\/gliki.at\/en\/shop\/servo-drive-sistemi\/step-drive\/kinco-step-driver-2cm545\/","title":{"rendered":"Kinco step driver 2CM545"},"content":{"rendered":"<p>Serija drajvera za kora\u010dne motore 2CM545 obezbe\u0111uje pobolj\u0161ane dinami\u010dke performanse upravljanja.<br \/>\nOvi drajveri rade sa ulaznim naponom od 24 do 50 V DC, uz maksimalnu struju do 8,0 A po fazi, i omogu\u0107avaju korisnicima rezoluciju od \u010dak 25.600 koraka po obrtaju.<\/p>\n<p>Kao dodatnu funkcionalnost, drajver nudi opciju automatskog smanjenja struje, \u010dime se smanjuje potro\u0161nja energije i zagrevanje motora, \u0161to produ\u017eava njegov radni vek.<br \/>\nTako\u0111e, izolovani ulazi poma\u017eu u minimizaciji smetnji od spoljne elektri\u010dne opreme i dodatno pobolj\u0161avaju performanse ure\u0111aja.<\/p>\n<p data-start=\"68\" data-end=\"408\">\u2022 Naponsko napajanje: 24 ~ 50V DC<br data-start=\"101\" data-end=\"104\" \/>\u2022 Za\u0161tita od prenapona: iznad 85V DC<br data-start=\"140\" data-end=\"143\" \/>\u2022 Za\u0161tita od preniskog napona: ispod 15V DC<br data-start=\"186\" data-end=\"189\" \/>\u2022 Na\u010din hla\u0111enja: hla\u0111enje vazduhom<br data-start=\"224\" data-end=\"227\" \/>\u2022 Radna temperatura: 0\u00ba ~ +40\u00baC<br data-start=\"258\" data-end=\"261\" \/>\u2022 Radna vla\u017enost: do 85% relativne vla\u017enosti<br data-start=\"305\" data-end=\"308\" \/>(bez kondenzacije ili kapljica vode)<br data-start=\"346\" data-end=\"349\" \/>\u2022 Te\u017eina: 0,25 kg<br data-start=\"366\" data-end=\"369\" \/>\u2022 Komunikacija: RS232 \/ RS422 \/ RS485<\/p>","protected":false},"excerpt":{"rendered":"<article class=\"text-token-text-primary w-full focus:outline-none scroll-mt-[calc(var(--header-height)+min(200px,max(70px,20svh)))]\" dir=\"auto\" tabindex=\"-1\" data-testid=\"conversation-turn-102\" data-scroll-anchor=\"true\" data-turn=\"assistant\">\n<div class=\"text-base my-auto mx-auto pb-10 [--thread-content-margin:--spacing(4)] @[37rem]:[--thread-content-margin:--spacing(6)] @[72rem]:[--thread-content-margin:--spacing(16)] px-(--thread-content-margin)\">\n<div class=\"[--thread-content-max-width:32rem] @[34rem]:[--thread-content-max-width:40rem] @[64rem]:[--thread-content-max-width:48rem] mx-auto max-w-(--thread-content-max-width) flex-1 group\/turn-messages focus-visible:outline-hidden relative flex w-full min-w-0 flex-col agent-turn\" tabindex=\"-1\">\n<div class=\"flex max-w-full flex-col grow\">\n<div class=\"min-h-8 text-message relative flex w-full flex-col items-end gap-2 text-start break-words whitespace-normal [.text-message+&amp;]:mt-5\" dir=\"auto\" data-message-author-role=\"assistant\" data-message-id=\"1af2499d-c595-4bad-a64c-54812bc6b20a\" data-message-model-slug=\"gpt-4o\">\n<div class=\"flex w-full flex-col gap-1 empty:hidden first:pt-[3px]\">\n<div class=\"markdown prose dark:prose-invert w-full break-words light markdown-new-styling\">\n<p data-start=\"0\" data-end=\"194\" data-is-last-node=\"\" data-is-only-node=\"\">Drajver za kora\u010dne motore 2CM545 sa ulazom 24\u201350 V DC, do 8 A po fazi i rezolucijom do 25.600 koraka po obrtaju. Ima funkciju automatskog smanjenja struje i izolovane ulaze za bolje performanse.<\/p>\n<\/div>\n<\/div>\n<\/div>\n<\/div>\n<div class=\"flex min-h-[46px] justify-start\"><\/div>\n<div class=\"aria-live=polite absolute\">\n<div class=\"flex items-center justify-center\"><\/div>\n<\/div>\n<\/div>\n<\/div>\n<\/article>\n<div class=\"pointer-events-none h-px w-px\" aria-hidden=\"true\" data-edge=\"true\"><\/div>","protected":false},"featured_media":33396,"template":"","meta":[],"product_brand":[155],"product_cat":[124],"product_tag":[],"class_list":{"0":"post-33393","1":"product","2":"type-product","3":"status-publish","4":"has-post-thumbnail","6":"product_brand-kinco","7":"product_cat-step-drive","9":"first","10":"instock","11":"taxable","12":"shipping-taxable","13":"purchasable","14":"product-type-simple"},"_links":{"self":[{"href":"https:\/\/gliki.at\/en\/wp-json\/wp\/v2\/product\/33393","targetHints":{"allow":["GET"]}}],"collection":[{"href":"https:\/\/gliki.at\/en\/wp-json\/wp\/v2\/product"}],"about":[{"href":"https:\/\/gliki.at\/en\/wp-json\/wp\/v2\/types\/product"}],"version-history":[{"count":1,"href":"https:\/\/gliki.at\/en\/wp-json\/wp\/v2\/product\/33393\/revisions"}],"predecessor-version":[{"id":33394,"href":"https:\/\/gliki.at\/en\/wp-json\/wp\/v2\/product\/33393\/revisions\/33394"}],"wp:featuredmedia":[{"embeddable":true,"href":"https:\/\/gliki.at\/en\/wp-json\/wp\/v2\/media\/33396"}],"wp:attachment":[{"href":"https:\/\/gliki.at\/en\/wp-json\/wp\/v2\/media?parent=33393"}],"wp:term":[{"taxonomy":"product_brand","embeddable":true,"href":"https:\/\/gliki.at\/en\/wp-json\/wp\/v2\/product_brand?post=33393"},{"taxonomy":"product_cat","embeddable":true,"href":"https:\/\/gliki.at\/en\/wp-json\/wp\/v2\/product_cat?post=33393"},{"taxonomy":"product_tag","embeddable":true,"href":"https:\/\/gliki.at\/en\/wp-json\/wp\/v2\/product_tag?post=33393"}],"curies":[{"name":"wp","href":"https:\/\/api.w.org\/{rel}","templated":true}]}}