{"id":33404,"date":"2025-08-11T13:19:11","date_gmt":"2025-08-11T11:19:11","guid":{"rendered":"https:\/\/gliki.at\/?post_type=product&#038;p=33404"},"modified":"2025-08-11T13:20:50","modified_gmt":"2025-08-11T11:20:50","slug":"kinco-2cm880-stepper-motor-driver-24-70v-dc-8a","status":"publish","type":"product","link":"https:\/\/gliki.at\/en\/shop\/servo-drive-sistemi\/step-drive\/kinco-2cm880-stepper-motor-driver-24-70v-dc-8a\/","title":{"rendered":"Kinco 2CM880 Stepper Motor Driver 24\u201370V DC 8A"},"content":{"rendered":"<p>Stepper drajver serije 2CM880 pru\u017ea pobolj\u0161ane performanse dinami\u010dkog upravljanja.<br \/>\nOva serija drajvera prihvata ulazni napon od 24 ~ 70 V DC, sa strujom do 8 A po fazi, i korisnicima omogu\u0107ava rezoluciju koraka do 25.600 koraka po obrtaju.<\/p>\n<p>Kao dodatna funkcija, drajver omogu\u0107ava izbor automatskog smanjenja struje, \u0161to poma\u017ee u smanjenju potro\u0161nje energije i zagrevanja motora, \u010dime se produ\u017eava radni vek motora.<br \/>\nTako\u0111e, izolovani ulazi poma\u017eu u minimiziranju smetnji od spoljne elektri\u010dne opreme, kao i u pobolj\u0161anju performansi.<\/p>\n<ul>\n<li data-start=\"26\" data-end=\"59\">\n<p data-start=\"28\" data-end=\"59\">Napon napajanja: 24 ~ 70 V DC<\/p>\n<\/li>\n<li data-start=\"60\" data-end=\"99\">\n<p data-start=\"62\" data-end=\"99\">Za\u0161tita od prenapona: iznad 85 V DC<\/p>\n<\/li>\n<li data-start=\"100\" data-end=\"146\">\n<p data-start=\"102\" data-end=\"146\">Za\u0161tita od preniskog napona: ispod 15 V DC<\/p>\n<\/li>\n<li data-start=\"147\" data-end=\"184\">\n<p data-start=\"149\" data-end=\"184\">Na\u010din hla\u0111enja: hla\u0111enje vazduhom<\/p>\n<\/li>\n<li data-start=\"185\" data-end=\"219\">\n<p data-start=\"187\" data-end=\"219\">Radna temperatura: 0\u00ba ~ +40\u00ba C<\/p>\n<\/li>\n<li data-start=\"220\" data-end=\"283\">\n<p data-start=\"222\" data-end=\"283\">Radna vla\u017enost: 85% RH (bez kondenzacije ili kapljica vode)<\/p>\n<\/li>\n<li data-start=\"284\" data-end=\"303\">\n<p data-start=\"286\" data-end=\"303\">Te\u017eina: 0,25 kg<\/p>\n<\/li>\n<li data-start=\"304\" data-end=\"328\" data-is-last-node=\"\">\n<p data-start=\"306\" data-end=\"328\" data-is-last-node=\"\">Stepen za\u0161tite: IP20<\/p>\n<\/li>\n<\/ul>","protected":false},"excerpt":{"rendered":"<p>Kinco 2CM880 stepper drajver nudi visoke performanse, ulaz 24\u201370V DC, do 8A po fazi, rezoluciju do 25.600 koraka i automatsko smanjenje struje za du\u017ei vek motora.<\/p>","protected":false},"featured_media":33406,"template":"","meta":[],"product_brand":[155],"product_cat":[124],"product_tag":[],"class_list":{"0":"post-33404","1":"product","2":"type-product","3":"status-publish","4":"has-post-thumbnail","6":"product_brand-kinco","7":"product_cat-step-drive","9":"first","10":"instock","11":"taxable","12":"shipping-taxable","13":"purchasable","14":"product-type-simple"},"_links":{"self":[{"href":"https:\/\/gliki.at\/en\/wp-json\/wp\/v2\/product\/33404","targetHints":{"allow":["GET"]}}],"collection":[{"href":"https:\/\/gliki.at\/en\/wp-json\/wp\/v2\/product"}],"about":[{"href":"https:\/\/gliki.at\/en\/wp-json\/wp\/v2\/types\/product"}],"version-history":[{"count":1,"href":"https:\/\/gliki.at\/en\/wp-json\/wp\/v2\/product\/33404\/revisions"}],"predecessor-version":[{"id":33409,"href":"https:\/\/gliki.at\/en\/wp-json\/wp\/v2\/product\/33404\/revisions\/33409"}],"wp:featuredmedia":[{"embeddable":true,"href":"https:\/\/gliki.at\/en\/wp-json\/wp\/v2\/media\/33406"}],"wp:attachment":[{"href":"https:\/\/gliki.at\/en\/wp-json\/wp\/v2\/media?parent=33404"}],"wp:term":[{"taxonomy":"product_brand","embeddable":true,"href":"https:\/\/gliki.at\/en\/wp-json\/wp\/v2\/product_brand?post=33404"},{"taxonomy":"product_cat","embeddable":true,"href":"https:\/\/gliki.at\/en\/wp-json\/wp\/v2\/product_cat?post=33404"},{"taxonomy":"product_tag","embeddable":true,"href":"https:\/\/gliki.at\/en\/wp-json\/wp\/v2\/product_tag?post=33404"}],"curies":[{"name":"wp","href":"https:\/\/api.w.org\/{rel}","templated":true}]}}