{"id":33465,"date":"2025-08-11T14:39:45","date_gmt":"2025-08-11T12:39:45","guid":{"rendered":"https:\/\/gliki.at\/?post_type=product&#038;p=33465"},"modified":"2025-08-11T14:54:58","modified_gmt":"2025-08-11T12:54:58","slug":"kinco-2s110q-047f0-110mm-2p-6-5a-21nm","status":"publish","type":"product","link":"https:\/\/gliki.at\/en\/shop\/step-upravljanje\/step-motori\/kinco-2s110q-047f0-110mm-2p-6-5a-21nm\/","title":{"rendered":"Kinco 2s110q-047f0  step motor 110mm, 2p, 6.5A, 21Nm"},"content":{"rendered":"<p>&nbsp;<\/p>\n<ul>\n<li>Flan\u0161 (mm): 110<\/li>\n<li>Zadr\u017eavaju\u0107i moment (Nm): 21<\/li>\n<li>Ugao koraka: 1,8\u00b0<\/li>\n<li>Struja faze: 6,5 A<\/li>\n<li>Broj vodi\u010da: 4<\/li>\n<li>Maksimalno aksijalno optere\u0107enje: 60 N<\/li>\n<li>Maksimalno radijalno optere\u0107enje: 220 N<\/li>\n<li>Temperatura okoline: -20 \u2103 do +50 \u2103<\/li>\n<li>Dimenzije (Du\u017eina L; Pre\u010dnik D): 150 mm; 9,0 mm<\/li>\n<li>Preporu\u010deni drajveri: 2M1180N; 2M2280N<\/li>\n<li>Te\u017eina: 8,4 kg<\/li>\n<\/ul>","protected":false},"excerpt":{"rendered":"<p>Kinco stepper motor 110 mm flan\u0161, zadr\u017eavaju\u0107i moment 21 Nm, ugao koraka 1,8\u00b0, struja faze 6,5 A, 4 vodi\u010da, maksimalno optere\u0107enje 60 N aksijalno i 220 N radijalno, radna temperatura -20 do +50 \u00b0C, dimenzije 150&#215;9 mm, te\u017eina 8,4 kg.<\/p>","protected":false},"featured_media":33466,"template":"","meta":[],"product_brand":[155],"product_cat":[79],"product_tag":[],"class_list":{"0":"post-33465","1":"product","2":"type-product","3":"status-publish","4":"has-post-thumbnail","6":"product_brand-kinco","7":"product_cat-step-motori","9":"first","10":"instock","11":"taxable","12":"shipping-taxable","13":"purchasable","14":"product-type-simple"},"_links":{"self":[{"href":"https:\/\/gliki.at\/en\/wp-json\/wp\/v2\/product\/33465","targetHints":{"allow":["GET"]}}],"collection":[{"href":"https:\/\/gliki.at\/en\/wp-json\/wp\/v2\/product"}],"about":[{"href":"https:\/\/gliki.at\/en\/wp-json\/wp\/v2\/types\/product"}],"version-history":[{"count":2,"href":"https:\/\/gliki.at\/en\/wp-json\/wp\/v2\/product\/33465\/revisions"}],"predecessor-version":[{"id":33470,"href":"https:\/\/gliki.at\/en\/wp-json\/wp\/v2\/product\/33465\/revisions\/33470"}],"wp:featuredmedia":[{"embeddable":true,"href":"https:\/\/gliki.at\/en\/wp-json\/wp\/v2\/media\/33466"}],"wp:attachment":[{"href":"https:\/\/gliki.at\/en\/wp-json\/wp\/v2\/media?parent=33465"}],"wp:term":[{"taxonomy":"product_brand","embeddable":true,"href":"https:\/\/gliki.at\/en\/wp-json\/wp\/v2\/product_brand?post=33465"},{"taxonomy":"product_cat","embeddable":true,"href":"https:\/\/gliki.at\/en\/wp-json\/wp\/v2\/product_cat?post=33465"},{"taxonomy":"product_tag","embeddable":true,"href":"https:\/\/gliki.at\/en\/wp-json\/wp\/v2\/product_tag?post=33465"}],"curies":[{"name":"wp","href":"https:\/\/api.w.org\/{rel}","templated":true}]}}