{"id":33499,"date":"2025-08-11T15:08:05","date_gmt":"2025-08-11T13:08:05","guid":{"rendered":"https:\/\/gliki.at\/?post_type=product&#038;p=33499"},"modified":"2025-10-07T12:31:03","modified_gmt":"2025-10-07T10:31:03","slug":"kinco-gl070-hmi","status":"publish","type":"product","link":"https:\/\/gliki.at\/en\/shop\/hmi-paneli\/kinco-hmi-paneli\/kinco-gl070-hmi\/","title":{"rendered":"Kinco Gl070 HMI"},"content":{"rendered":"<p>GREEN serija radi u kombinaciji sa softverom nove generacije za besplatnu konfiguraciju \u2013 **Kinco DTools**.<br \/>\nPodr\u017eava \u010detiri jezi\u010dke verzije: kineski, engleski, korejski i ruski.<br \/>\nSadr\u017eaj konfiguracionog dizajna podr\u017eava sve fontove instalirane u ra\u010dunarskom sistemu.<br \/>\nPodr\u017eava **cloud** nadzor \u2013 **VNC** omogu\u0107ava interoperabilnost izme\u0111u HMI i HMI, HMI i PC, mobilnih telefona (ili drugih terminala).<br \/>\nPodr\u017eava prakti\u010dne komponente kao \u0161to su instalacija, pregled PDF dokumenata i vo\u0111enje evidencije radnog dnevnika za dizajniranje interfejsa za korisnika.<br \/>\nOdlikuje se humanizovanim dizajnom i jednostavnom upotrebom.<\/p>\n<p>* 7&#8243;, 16,77 miliona pravih boja;<br \/>\n* Savr\u0161en izbor za op\u0161tu primenu;<br \/>\n* Zaptiveni dizajn sa kop\u010dom za otpornost na vodu i ulje.<br \/>\nIndustrijski procesor, 800MHz, 128M DDR3.<\/p>","protected":false},"excerpt":{"rendered":"<p>HMI panel sa 10,1-in\u010dnim TFT ekranom osetljivim na dodir, 1024\u00d7600 rezolucije, omogu\u0107ava brzo i intuitivno upravljanje industrijskim procesima putem serijskog i Ethernet povezivanja.<\/p>","protected":false},"featured_media":33500,"template":"","meta":[],"product_brand":[155],"product_cat":[220,109],"product_tag":[],"class_list":{"0":"post-33499","1":"product","2":"type-product","3":"status-publish","4":"has-post-thumbnail","6":"product_brand-kinco","7":"product_cat-kinco-hmi-paneli","8":"product_cat-hmi-paneli","10":"first","11":"instock","12":"taxable","13":"shipping-taxable","14":"purchasable","15":"product-type-simple"},"_links":{"self":[{"href":"https:\/\/gliki.at\/en\/wp-json\/wp\/v2\/product\/33499","targetHints":{"allow":["GET"]}}],"collection":[{"href":"https:\/\/gliki.at\/en\/wp-json\/wp\/v2\/product"}],"about":[{"href":"https:\/\/gliki.at\/en\/wp-json\/wp\/v2\/types\/product"}],"version-history":[{"count":2,"href":"https:\/\/gliki.at\/en\/wp-json\/wp\/v2\/product\/33499\/revisions"}],"predecessor-version":[{"id":33503,"href":"https:\/\/gliki.at\/en\/wp-json\/wp\/v2\/product\/33499\/revisions\/33503"}],"wp:featuredmedia":[{"embeddable":true,"href":"https:\/\/gliki.at\/en\/wp-json\/wp\/v2\/media\/33500"}],"wp:attachment":[{"href":"https:\/\/gliki.at\/en\/wp-json\/wp\/v2\/media?parent=33499"}],"wp:term":[{"taxonomy":"product_brand","embeddable":true,"href":"https:\/\/gliki.at\/en\/wp-json\/wp\/v2\/product_brand?post=33499"},{"taxonomy":"product_cat","embeddable":true,"href":"https:\/\/gliki.at\/en\/wp-json\/wp\/v2\/product_cat?post=33499"},{"taxonomy":"product_tag","embeddable":true,"href":"https:\/\/gliki.at\/en\/wp-json\/wp\/v2\/product_tag?post=33499"}],"curies":[{"name":"wp","href":"https:\/\/api.w.org\/{rel}","templated":true}]}}