{"id":33738,"date":"2025-08-14T16:56:30","date_gmt":"2025-08-14T14:56:30","guid":{"rendered":"https:\/\/gliki.at\/?post_type=product&#038;p=33738"},"modified":"2025-08-14T16:56:30","modified_gmt":"2025-08-14T14:56:30","slug":"mean-well-wdr-60-24-napajanje-za-din-sinu","status":"publish","type":"product","link":"https:\/\/gliki.at\/en\/shop\/mean-wall-napajanja\/mean-well-wdr-60-24-napajanje-za-din-sinu\/","title":{"rendered":"Mean Well  WDR 60-24 Napajanje za DIN \u0161inu"},"content":{"rendered":"<dl class=\"data-sheet\">\n<dt class=\"name\">PFC<\/dt>\n<dd class=\"value\">Bez<\/dd>\n<dt class=\"name\">Proizvod<\/dt>\n<dd class=\"value\">Napajanja za na DIN \u0161inu<\/dd>\n<dt class=\"name\">Snaga (W)<\/dt>\n<dd class=\"value\">60<\/dd>\n<dt class=\"name\">Broj izlaza<\/dt>\n<dd class=\"value\">1<\/dd>\n<dt class=\"name\">Izlaz1<\/dt>\n<dd class=\"value\">24VDC 0-2.5A<\/dd>\n<dt class=\"name\">Ku\u0107i\u0161te<\/dt>\n<dd class=\"value\">Za DIN letvu<\/dd>\n<dt class=\"name\">Hla\u0111enje<\/dt>\n<dd class=\"value\">Pasivno<\/dd>\n<dt class=\"name\">Ulazni napon<\/dt>\n<dd class=\"value\">180-550VAC<\/dd>\n<dt class=\"name\">Izlazni napon (VDC)<\/dt>\n<dd class=\"value\">Od 20 do 30<\/dd>\n<dt class=\"name\">Stabilisan izlazni napon (VDC)<\/dt>\n<dd class=\"value\">24<\/dd>\n<dt class=\"name\">Izlazna struja (A)<\/dt>\n<dd class=\"value\">Do 5<\/dd>\n<dt class=\"name\">Ulazni napon (VAC)<\/dt>\n<dd class=\"value\">Nad 250<br \/>\nOd 130 do 250<\/dd>\n<\/dl>","protected":false},"excerpt":{"rendered":"<p>DIN \u0161insko napajanje snage 60 W bez PFC-a, sa stabilizovanim izlazom 24 VDC i strujom do 2,5 A, pasivnim hla\u0111enjem i \u0161irokim ulaznim naponom 180\u2013550 VAC za pouzdane industrijske primene.<\/p>","protected":false},"featured_media":33739,"template":"","meta":[],"product_brand":[156],"product_cat":[157,159],"product_tag":[],"class_list":{"0":"post-33738","1":"product","2":"type-product","3":"status-publish","4":"has-post-thumbnail","6":"product_brand-mean-well","7":"product_cat-mean-wall-napajanja","8":"product_cat-napajanja-za-din-sinu","10":"first","11":"instock","12":"taxable","13":"shipping-taxable","14":"product-type-simple"},"_links":{"self":[{"href":"https:\/\/gliki.at\/en\/wp-json\/wp\/v2\/product\/33738","targetHints":{"allow":["GET"]}}],"collection":[{"href":"https:\/\/gliki.at\/en\/wp-json\/wp\/v2\/product"}],"about":[{"href":"https:\/\/gliki.at\/en\/wp-json\/wp\/v2\/types\/product"}],"version-history":[{"count":1,"href":"https:\/\/gliki.at\/en\/wp-json\/wp\/v2\/product\/33738\/revisions"}],"predecessor-version":[{"id":33741,"href":"https:\/\/gliki.at\/en\/wp-json\/wp\/v2\/product\/33738\/revisions\/33741"}],"wp:featuredmedia":[{"embeddable":true,"href":"https:\/\/gliki.at\/en\/wp-json\/wp\/v2\/media\/33739"}],"wp:attachment":[{"href":"https:\/\/gliki.at\/en\/wp-json\/wp\/v2\/media?parent=33738"}],"wp:term":[{"taxonomy":"product_brand","embeddable":true,"href":"https:\/\/gliki.at\/en\/wp-json\/wp\/v2\/product_brand?post=33738"},{"taxonomy":"product_cat","embeddable":true,"href":"https:\/\/gliki.at\/en\/wp-json\/wp\/v2\/product_cat?post=33738"},{"taxonomy":"product_tag","embeddable":true,"href":"https:\/\/gliki.at\/en\/wp-json\/wp\/v2\/product_tag?post=33738"}],"curies":[{"name":"wp","href":"https:\/\/api.w.org\/{rel}","templated":true}]}}