{"id":33751,"date":"2025-08-14T17:07:26","date_gmt":"2025-08-14T15:07:26","guid":{"rendered":"https:\/\/gliki.at\/?post_type=product&#038;p=33751"},"modified":"2025-08-14T17:09:46","modified_gmt":"2025-08-14T15:09:46","slug":"mean-well-wdr-240-48-napajanje-za-din-sinu","status":"publish","type":"product","link":"https:\/\/gliki.at\/en\/shop\/mean-wall-napajanja\/mean-well-wdr-240-48-napajanje-za-din-sinu\/","title":{"rendered":"Mean Well  WDR 240-48 Napajanje za DIN \u0161inu"},"content":{"rendered":"<dl class=\"data-sheet\">\n<dt class=\"name\">PFC<\/dt>\n<dd class=\"value\">Da<\/dd>\n<dt class=\"name\">Proizvod<\/dt>\n<dd class=\"value\">Napajanja za na DIN \u0161inu<\/dd>\n<dt class=\"name\">Snaga (W)<\/dt>\n<dd class=\"value\">240<\/dd>\n<dt class=\"name\">Broj izlaza<\/dt>\n<dd class=\"value\">1<\/dd>\n<dt class=\"name\">Izlaz1<\/dt>\n<dd class=\"value\">48VDC 0-5A<\/dd>\n<dt class=\"name\">Ku\u0107i\u0161te<\/dt>\n<dd class=\"value\">Za DIN letvu<\/dd>\n<dt class=\"name\">Hla\u0111enje<\/dt>\n<dd class=\"value\">Pasivno<\/dd>\n<dt class=\"name\">Ulazni napon<\/dt>\n<dd class=\"value\">180-550VAC<\/dd>\n<dt class=\"name\">Izlazni napon (VDC)<\/dt>\n<dd class=\"value\">Od 30 do 50<\/dd>\n<dt class=\"name\">Stabilisan izlazni napon (VDC)<\/dt>\n<dd class=\"value\">48<\/dd>\n<dt class=\"name\">Izlazna struja (A)<\/dt>\n<dd class=\"value\">Do 5<\/dd>\n<dt class=\"name\">Ulazni napon (VAC)<\/dt>\n<dd class=\"value\">Nad 250<br \/>\nOd 130 do 250<\/dd>\n<\/dl>","protected":false},"excerpt":{"rendered":"<p>DIN \u0161insko napajanje snage 240 W sa PFC-om, stabilizovanim izlazom 48 VDC i strujom do 5 A, pasivnim hla\u0111enjem i \u0161irokim ulaznim opsegom 180\u2013550 VAC, idealno za industrijske sisteme.<\/p>","protected":false},"featured_media":33752,"template":"","meta":[],"product_brand":[156],"product_cat":[157,159],"product_tag":[],"class_list":{"0":"post-33751","1":"product","2":"type-product","3":"status-publish","4":"has-post-thumbnail","6":"product_brand-mean-well","7":"product_cat-mean-wall-napajanja","8":"product_cat-napajanja-za-din-sinu","10":"first","11":"instock","12":"taxable","13":"shipping-taxable","14":"purchasable","15":"product-type-simple"},"_links":{"self":[{"href":"https:\/\/gliki.at\/en\/wp-json\/wp\/v2\/product\/33751","targetHints":{"allow":["GET"]}}],"collection":[{"href":"https:\/\/gliki.at\/en\/wp-json\/wp\/v2\/product"}],"about":[{"href":"https:\/\/gliki.at\/en\/wp-json\/wp\/v2\/types\/product"}],"version-history":[{"count":1,"href":"https:\/\/gliki.at\/en\/wp-json\/wp\/v2\/product\/33751\/revisions"}],"predecessor-version":[{"id":33755,"href":"https:\/\/gliki.at\/en\/wp-json\/wp\/v2\/product\/33751\/revisions\/33755"}],"wp:featuredmedia":[{"embeddable":true,"href":"https:\/\/gliki.at\/en\/wp-json\/wp\/v2\/media\/33752"}],"wp:attachment":[{"href":"https:\/\/gliki.at\/en\/wp-json\/wp\/v2\/media?parent=33751"}],"wp:term":[{"taxonomy":"product_brand","embeddable":true,"href":"https:\/\/gliki.at\/en\/wp-json\/wp\/v2\/product_brand?post=33751"},{"taxonomy":"product_cat","embeddable":true,"href":"https:\/\/gliki.at\/en\/wp-json\/wp\/v2\/product_cat?post=33751"},{"taxonomy":"product_tag","embeddable":true,"href":"https:\/\/gliki.at\/en\/wp-json\/wp\/v2\/product_tag?post=33751"}],"curies":[{"name":"wp","href":"https:\/\/api.w.org\/{rel}","templated":true}]}}