{"id":34076,"date":"2025-08-21T14:51:48","date_gmt":"2025-08-21T12:51:48","guid":{"rendered":"https:\/\/gliki.at\/?post_type=product&#038;p=34076"},"modified":"2025-10-07T11:31:22","modified_gmt":"2025-10-07T09:31:22","slug":"zvucni-modul-ema-0570zdwfk","status":"publish","type":"product","link":"https:\/\/gliki.at\/en\/shop\/rasveta-signalizacija\/zvucni-modul-ema-0570zdwfk\/","title":{"rendered":"Zvu\u010dni modul EMA 0570ZDWFK"},"content":{"rendered":"<p>Ovaj modularni dizajn znatno olak\u0161ava instalaciju, \u010dak i bez upotrebe alata. Svaki svetlosni element korisnici mogu lako postaviti ili zameniti. Nema potrebe za povezivanjem kabla od vrha do kraja. Modularni dizajn pru\u017ea veliku pogodnost za kontrolu zaliha i zamenu dodatne opreme. Tako\u0111e, nije neophodno kupovati ceo set proizvoda ukoliko je u kvaru samo sklop ili odre\u0111eni svetlosni element. Na\u0161 modularni dizajn omogu\u0107ava da tro\u0161kovi zaliha i odr\u017eavanja budu minimalni. Dostupno je 5 stalaka po izboru. \u010cesto se koriste u ma\u0161inama, energetici, in\u017eenjerskim sistemima, transportu, instrumentaciji i industrijskoj automatizaciji.<\/p>\n<p>Koriste se LED diode visoke luminancije kako bi se pove\u0107ala svetlina EMA svetlosnog modula. To zna\u010dajno produ\u017eava vek trajanja, smanjuje potro\u0161nju energije, \u0161tedi vreme i smanjuje tro\u0161kove odr\u017eavanja. LED diode su postavljene na PCB plo\u010du pomo\u0107u SMD tehnologije. U svakom svetlosnom modulu nalazi se 8 lampi koje pru\u017eaju izuzetnu svetlinu. \u0160irok raspon napajanja DW=12-24V ili AW=85&#8230;285VAC u potpunosti omogu\u0107ava korisnicima da prodaju svoje ma\u0161ine \u0161irom sveta i smanje tro\u0161kove zaliha.<\/p>","protected":false},"excerpt":{"rendered":"<p>Veli\u010dina: 30 mm \/ 50 mm \/ 70 mm<br \/>\nModularni dizajn<br \/>\nKoriste se LED diode dugog veka trajanja i visoke svetline<br \/>\n360\u00b0 pregled: odli\u010dna vidljivost bez prepreka i senki<br \/>\nNapredna svetlina i jednostavna instalacija<br \/>\nEstetski i prakti\u010dni stalci<br \/>\nOpcija muzi\u010dkog bagera, 100 dB i 120 dB<br \/>\n\u0160irok raspon napajanja: DW=12\u202624VDC, AW=85\u2026285VAC<br \/>\nKlasa za\u0161tite: IP54, IP65<\/p>","protected":false},"featured_media":34080,"template":"","meta":[],"product_brand":[177],"product_cat":[130,217],"product_tag":[],"class_list":{"0":"post-34076","1":"product","2":"type-product","3":"status-publish","4":"has-post-thumbnail","6":"product_brand-ema","7":"product_cat-rasveta-signalizacija","8":"product_cat-svetlosni-tornjevi","10":"first","11":"instock","12":"taxable","13":"shipping-taxable","14":"purchasable","15":"product-type-simple"},"_links":{"self":[{"href":"https:\/\/gliki.at\/en\/wp-json\/wp\/v2\/product\/34076","targetHints":{"allow":["GET"]}}],"collection":[{"href":"https:\/\/gliki.at\/en\/wp-json\/wp\/v2\/product"}],"about":[{"href":"https:\/\/gliki.at\/en\/wp-json\/wp\/v2\/types\/product"}],"version-history":[{"count":2,"href":"https:\/\/gliki.at\/en\/wp-json\/wp\/v2\/product\/34076\/revisions"}],"predecessor-version":[{"id":34078,"href":"https:\/\/gliki.at\/en\/wp-json\/wp\/v2\/product\/34076\/revisions\/34078"}],"wp:featuredmedia":[{"embeddable":true,"href":"https:\/\/gliki.at\/en\/wp-json\/wp\/v2\/media\/34080"}],"wp:attachment":[{"href":"https:\/\/gliki.at\/en\/wp-json\/wp\/v2\/media?parent=34076"}],"wp:term":[{"taxonomy":"product_brand","embeddable":true,"href":"https:\/\/gliki.at\/en\/wp-json\/wp\/v2\/product_brand?post=34076"},{"taxonomy":"product_cat","embeddable":true,"href":"https:\/\/gliki.at\/en\/wp-json\/wp\/v2\/product_cat?post=34076"},{"taxonomy":"product_tag","embeddable":true,"href":"https:\/\/gliki.at\/en\/wp-json\/wp\/v2\/product_tag?post=34076"}],"curies":[{"name":"wp","href":"https:\/\/api.w.org\/{rel}","templated":true}]}}