{"id":34096,"date":"2025-08-21T16:29:14","date_gmt":"2025-08-21T14:29:14","guid":{"rendered":"https:\/\/gliki.at\/?post_type=product&#038;p=34096"},"modified":"2025-08-21T16:29:14","modified_gmt":"2025-08-21T14:29:14","slug":"sipin-regulator-snage-sp48p46-ws-46a","status":"publish","type":"product","link":"https:\/\/gliki.at\/en\/shop\/termoregulatori\/sipin-regulator-snage-sp48p46-ws-46a\/","title":{"rendered":"SIPIN regulator snage SP48P46 WS 46A"},"content":{"rendered":"<p>Kompaktan dizajn S serije ne zahteva pomo\u0107ni izvor napajanja i poseduje jednostavno o\u017ei\u010denje, tako da se mo\u017ee kontrolisati samo pomo\u0107u 4-20mA ulaza.<br \/>\nJedinstveni dizajn uklju\u010duje pri\u010dvr\u0161\u0107ivanje pomo\u0107u DIN35 \u0161ine, \u0161to omogu\u0107ava laku instalaciju, uklanjanje i pomeranje.<br \/>\nDvostruka SCR arhitektura obezbe\u0111uje visoku otpornost na napon i struju, bez ikakvih smetnji, nadma\u0161uju\u0107i prose\u010dne TRIAC komponente.<br \/>\nUklju\u010duje za\u0161titu i indikaciju pregrevanja sa automatskim zaustavljanjem izlaza.<br \/>\nVelika povr\u0161ina za disipaciju toplote obezbe\u0111uje dovoljan kapacitet hla\u0111enja.<br \/>\nDizajn jedinstvene specifikacije omogu\u0107ava \u0161iroku primenu u rasponu od 180 do 480VAC<\/p>\n<ul>\n<li>Kompaktan dizajn, bez pomo\u0107nog izvora napajanja.<\/li>\n<li>DIN35 vodi\u010d za monta\u017eu, laka instalacija, uklanjanje i pomeranje.<\/li>\n<li>Dvostruka SCR arhitektura, velika otpornost na napon i struju.<\/li>\n<\/ul>","protected":false},"excerpt":{"rendered":"<p>Kompaktan regulator iz S serije sa 4-20mA ulazom, DIN35 monta\u017eom, dvostrukom SCR arhitekturom, za\u0161titom od pregrevanja i \u0161irokim opsegom napona 180\u2013480VAC.<\/p>","protected":false},"featured_media":34097,"template":"","meta":[],"product_brand":[178],"product_cat":[173],"product_tag":[],"class_list":{"0":"post-34096","1":"product","2":"type-product","3":"status-publish","4":"has-post-thumbnail","6":"product_brand-sipin","7":"product_cat-termoregulatori","9":"first","10":"instock","11":"taxable","12":"shipping-taxable","13":"purchasable","14":"product-type-simple"},"_links":{"self":[{"href":"https:\/\/gliki.at\/en\/wp-json\/wp\/v2\/product\/34096","targetHints":{"allow":["GET"]}}],"collection":[{"href":"https:\/\/gliki.at\/en\/wp-json\/wp\/v2\/product"}],"about":[{"href":"https:\/\/gliki.at\/en\/wp-json\/wp\/v2\/types\/product"}],"version-history":[{"count":2,"href":"https:\/\/gliki.at\/en\/wp-json\/wp\/v2\/product\/34096\/revisions"}],"predecessor-version":[{"id":34099,"href":"https:\/\/gliki.at\/en\/wp-json\/wp\/v2\/product\/34096\/revisions\/34099"}],"wp:featuredmedia":[{"embeddable":true,"href":"https:\/\/gliki.at\/en\/wp-json\/wp\/v2\/media\/34097"}],"wp:attachment":[{"href":"https:\/\/gliki.at\/en\/wp-json\/wp\/v2\/media?parent=34096"}],"wp:term":[{"taxonomy":"product_brand","embeddable":true,"href":"https:\/\/gliki.at\/en\/wp-json\/wp\/v2\/product_brand?post=34096"},{"taxonomy":"product_cat","embeddable":true,"href":"https:\/\/gliki.at\/en\/wp-json\/wp\/v2\/product_cat?post=34096"},{"taxonomy":"product_tag","embeddable":true,"href":"https:\/\/gliki.at\/en\/wp-json\/wp\/v2\/product_tag?post=34096"}],"curies":[{"name":"wp","href":"https:\/\/api.w.org\/{rel}","templated":true}]}}