{"id":34100,"date":"2025-08-22T12:12:28","date_gmt":"2025-08-22T10:12:28","guid":{"rendered":"https:\/\/gliki.at\/?post_type=product&#038;p=34100"},"modified":"2025-08-22T12:12:28","modified_gmt":"2025-08-22T10:12:28","slug":"sipin-ssr-05-dd-sold-state-modul-ssr","status":"publish","type":"product","link":"https:\/\/gliki.at\/en\/shop\/solid-state-releji\/sipin-ssr-05-dd-sold-state-modul-ssr\/","title":{"rendered":"SIPIN SSR 05-DD sold state modul (ssr)"},"content":{"rendered":"<ul>\n<li>Visoka dielektri\u010dna \u010dvrsto\u0107a preko 4KV<\/li>\n<li>Visoka izolaciona \u010dvrsto\u0107a preko 100M\u03a9\/500VDC<\/li>\n<li>Sa za\u0161titnim krugom od pregrevanja (120\u00b0C)<\/li>\n<li>Otpornost na visoke udarne struje<\/li>\n<li>Otpornost na visoke udarne napone<\/li>\n<li>Uskla\u0111enost sa EN60947-4-3 i EN60950<\/li>\n<\/ul>","protected":false},"excerpt":{"rendered":"<p>Standardni tip DC u DC<br \/>\nUlazni napon: 4\u201332 VDC<br \/>\nMaksimalni nazivni napon optere\u0107enja: 5\u201360 VDC<br \/>\nMaksimalna struja optere\u0107enja: 5 A<\/p>","protected":false},"featured_media":34106,"template":"","meta":[],"product_brand":[178],"product_cat":[83],"product_tag":[],"class_list":{"0":"post-34100","1":"product","2":"type-product","3":"status-publish","4":"has-post-thumbnail","6":"product_brand-sipin","7":"product_cat-solid-state-releji","9":"first","10":"instock","11":"taxable","12":"shipping-taxable","13":"purchasable","14":"product-type-simple"},"_links":{"self":[{"href":"https:\/\/gliki.at\/en\/wp-json\/wp\/v2\/product\/34100","targetHints":{"allow":["GET"]}}],"collection":[{"href":"https:\/\/gliki.at\/en\/wp-json\/wp\/v2\/product"}],"about":[{"href":"https:\/\/gliki.at\/en\/wp-json\/wp\/v2\/types\/product"}],"version-history":[{"count":2,"href":"https:\/\/gliki.at\/en\/wp-json\/wp\/v2\/product\/34100\/revisions"}],"predecessor-version":[{"id":34108,"href":"https:\/\/gliki.at\/en\/wp-json\/wp\/v2\/product\/34100\/revisions\/34108"}],"wp:featuredmedia":[{"embeddable":true,"href":"https:\/\/gliki.at\/en\/wp-json\/wp\/v2\/media\/34106"}],"wp:attachment":[{"href":"https:\/\/gliki.at\/en\/wp-json\/wp\/v2\/media?parent=34100"}],"wp:term":[{"taxonomy":"product_brand","embeddable":true,"href":"https:\/\/gliki.at\/en\/wp-json\/wp\/v2\/product_brand?post=34100"},{"taxonomy":"product_cat","embeddable":true,"href":"https:\/\/gliki.at\/en\/wp-json\/wp\/v2\/product_cat?post=34100"},{"taxonomy":"product_tag","embeddable":true,"href":"https:\/\/gliki.at\/en\/wp-json\/wp\/v2\/product_tag?post=34100"}],"curies":[{"name":"wp","href":"https:\/\/api.w.org\/{rel}","templated":true}]}}