{"id":34243,"date":"2025-09-10T13:31:42","date_gmt":"2025-09-10T11:31:42","guid":{"rendered":"https:\/\/gliki.at\/?post_type=product&#038;p=34243"},"modified":"2025-09-10T16:56:06","modified_gmt":"2025-09-10T14:56:06","slug":"termopar-za-keramicare-bez-keramike-l1200mm","status":"publish","type":"product","link":"https:\/\/gliki.at\/en\/shop\/merni-instrumenti\/termopar-za-keramicare-bez-keramike-l1200mm\/","title":{"rendered":"Termopar za kerami\u010dare bez keramike, L1=200mm"},"content":{"rendered":"<p>Tip Termopar sonda za kerami\u010dare sa ili bez kerami\u010dke cevi<br \/>\nDu\u017eina termopara 250mm ili po zahtevu<br \/>\nDebljina termopara 1.2mm; 3mm<br \/>\nTip senzora NiCr-NiAl (K) do 1200\u00b0C<br \/>\nDu\u017eina cevi 200mm<br \/>\nPre\u010dnik cevi \u00d815<br \/>\nMaterijal Aluminijum oksid C610 (Al2O3 60%)<br \/>\nTip priklju\u010dka kerami\u010dka luster klema, dvopolna<\/p>","protected":false},"excerpt":{"rendered":"<p>Termopar sonda za kerami\u010dare sa ili bez kerami\u010dke cevi, du\u017eine 250 mm (ili po zahtevu) i debljine 1.2 mm ili 3 mm. Senzor NiCr-NiAl (K) za temperature do 1200\u00b0C, sa kerami\u010dkom cevi du\u017eine 200 mm i pre\u010dnika 15 mm. Izra\u0111ena od aluminijum oksida C610 (Al2O3 60%) i opremljena dvopolnom kerami\u010dkom luster klemmom za pouzdanu primenu u visokotemperaturnim procesima.<\/p>","protected":false},"featured_media":34244,"template":"","meta":[],"product_brand":[],"product_cat":[104],"product_tag":[],"class_list":{"0":"post-34243","1":"product","2":"type-product","3":"status-publish","4":"has-post-thumbnail","6":"product_cat-merni-instrumenti","8":"first","9":"instock","10":"taxable","11":"shipping-taxable","12":"purchasable","13":"product-type-simple"},"_links":{"self":[{"href":"https:\/\/gliki.at\/en\/wp-json\/wp\/v2\/product\/34243","targetHints":{"allow":["GET"]}}],"collection":[{"href":"https:\/\/gliki.at\/en\/wp-json\/wp\/v2\/product"}],"about":[{"href":"https:\/\/gliki.at\/en\/wp-json\/wp\/v2\/types\/product"}],"version-history":[{"count":4,"href":"https:\/\/gliki.at\/en\/wp-json\/wp\/v2\/product\/34243\/revisions"}],"predecessor-version":[{"id":34280,"href":"https:\/\/gliki.at\/en\/wp-json\/wp\/v2\/product\/34243\/revisions\/34280"}],"wp:featuredmedia":[{"embeddable":true,"href":"https:\/\/gliki.at\/en\/wp-json\/wp\/v2\/media\/34244"}],"wp:attachment":[{"href":"https:\/\/gliki.at\/en\/wp-json\/wp\/v2\/media?parent=34243"}],"wp:term":[{"taxonomy":"product_brand","embeddable":true,"href":"https:\/\/gliki.at\/en\/wp-json\/wp\/v2\/product_brand?post=34243"},{"taxonomy":"product_cat","embeddable":true,"href":"https:\/\/gliki.at\/en\/wp-json\/wp\/v2\/product_cat?post=34243"},{"taxonomy":"product_tag","embeddable":true,"href":"https:\/\/gliki.at\/en\/wp-json\/wp\/v2\/product_tag?post=34243"}],"curies":[{"name":"wp","href":"https:\/\/api.w.org\/{rel}","templated":true}]}}