{"id":34254,"date":"2025-09-10T16:42:07","date_gmt":"2025-09-10T14:42:07","guid":{"rendered":"https:\/\/gliki.at\/?post_type=product&#038;p=34254"},"modified":"2025-09-10T16:55:18","modified_gmt":"2025-09-10T14:55:18","slug":"sonda-ts-01-pt100-fi6x60mm-tmax200c","status":"publish","type":"product","link":"https:\/\/gliki.at\/en\/shop\/merni-instrumenti\/sonda-ts-01-pt100-fi6x60mm-tmax200c\/","title":{"rendered":"Sonda TS-01\/Pt100, Fi6x60mm, Tmax=200C"},"content":{"rendered":"<p>Tip Univerzalna sonda<br \/>\nDu\u017eina cevi L1 60mm ili po zahtevu<br \/>\nPre\u010dnik cevi \u00d86mm ili po zahtevu<br \/>\nDu\u017eina kabla L2 1.5m ili po zahtevu<br \/>\nTip senzora Pt100 do 400\u00b0C; Pt1000 do 400\u00b0C; KTY10 do 100\u00b0C;<br \/>\nFe-Ko (J) do 400\u00b0C; NiCr-NiAl (K) do 600\u00b0C<br \/>\nMaterijal Neoksidiraju\u0107i \u010delik 4580<\/p>","protected":false},"excerpt":{"rendered":"<p>Univerzalna sonda du\u017eine cevi 60 mm (ili po zahtevu) i pre\u010dnika 6 mm. Kabl du\u017eine 1,5 m, dostupna sa senzorima Pt100\/Pt1000 do 400\u00b0C, KTY10 do 100\u00b0C, Fe-Ko (J) do 400\u00b0C i NiCr-NiAl (K) do 600\u00b0C. Izra\u0111ena od neoksidiraju\u0107eg \u010delika 4580 za \u0161iroku primenu u industrijskim i sigurnosnim sistemima.<\/p>","protected":false},"featured_media":34255,"template":"","meta":[],"product_brand":[],"product_cat":[104],"product_tag":[],"class_list":{"0":"post-34254","1":"product","2":"type-product","3":"status-publish","4":"has-post-thumbnail","6":"product_cat-merni-instrumenti","8":"first","9":"instock","10":"taxable","11":"shipping-taxable","12":"purchasable","13":"product-type-simple"},"_links":{"self":[{"href":"https:\/\/gliki.at\/en\/wp-json\/wp\/v2\/product\/34254","targetHints":{"allow":["GET"]}}],"collection":[{"href":"https:\/\/gliki.at\/en\/wp-json\/wp\/v2\/product"}],"about":[{"href":"https:\/\/gliki.at\/en\/wp-json\/wp\/v2\/types\/product"}],"version-history":[{"count":2,"href":"https:\/\/gliki.at\/en\/wp-json\/wp\/v2\/product\/34254\/revisions"}],"predecessor-version":[{"id":34279,"href":"https:\/\/gliki.at\/en\/wp-json\/wp\/v2\/product\/34254\/revisions\/34279"}],"wp:featuredmedia":[{"embeddable":true,"href":"https:\/\/gliki.at\/en\/wp-json\/wp\/v2\/media\/34255"}],"wp:attachment":[{"href":"https:\/\/gliki.at\/en\/wp-json\/wp\/v2\/media?parent=34254"}],"wp:term":[{"taxonomy":"product_brand","embeddable":true,"href":"https:\/\/gliki.at\/en\/wp-json\/wp\/v2\/product_brand?post=34254"},{"taxonomy":"product_cat","embeddable":true,"href":"https:\/\/gliki.at\/en\/wp-json\/wp\/v2\/product_cat?post=34254"},{"taxonomy":"product_tag","embeddable":true,"href":"https:\/\/gliki.at\/en\/wp-json\/wp\/v2\/product_tag?post=34254"}],"curies":[{"name":"wp","href":"https:\/\/api.w.org\/{rel}","templated":true}]}}