{"id":34264,"date":"2025-09-10T16:49:51","date_gmt":"2025-09-10T14:49:51","guid":{"rendered":"https:\/\/gliki.at\/?post_type=product&#038;p=34264"},"modified":"2025-09-10T16:53:17","modified_gmt":"2025-09-10T14:53:17","slug":"sonda-tsp-01-k-tip-fi6-l1300mm","status":"publish","type":"product","link":"https:\/\/gliki.at\/en\/shop\/merni-instrumenti\/sonda-tsp-01-k-tip-fi6-l1300mm\/","title":{"rendered":"Sonda TSP-01\/K-tip, Fi6, L1=300mm"},"content":{"rendered":"<p>Tip Potapaju\u0107a sonda za prenosni termometar DTM-902<br \/>\nDu\u017eina cevi L1 450mm ili po zahtevu<br \/>\nPre\u010dnik cevi \u00d83mm ili \u00d86mm<br \/>\nDu\u017eina kabla L2 1.2m<br \/>\nTip priklju\u010dka IM-K tip K mini<br \/>\nTip senzora NiCr-NiAl (K) do 800\u00b0C<br \/>\nMaterijal Mantal<\/p>","protected":false},"excerpt":{"rendered":"<p>Potapaju\u0107a sonda za prenosni termometar DTM-902, du\u017eine cevi 450 mm (ili po zahtevu) i pre\u010dnika 3 mm ili 6 mm. Kabl du\u017eine 1,2 m sa priklju\u010dkom IM-K tip K mini. Senzor NiCr-NiAl (K) do 800\u00b0C, izra\u0111ena od mantala za pouzdana visokotemperaturna merenja.<\/p>","protected":false},"featured_media":34265,"template":"","meta":[],"product_brand":[],"product_cat":[104],"product_tag":[],"class_list":{"0":"post-34264","1":"product","2":"type-product","3":"status-publish","4":"has-post-thumbnail","6":"product_cat-merni-instrumenti","8":"first","9":"instock","10":"taxable","11":"shipping-taxable","12":"purchasable","13":"product-type-simple"},"_links":{"self":[{"href":"https:\/\/gliki.at\/en\/wp-json\/wp\/v2\/product\/34264","targetHints":{"allow":["GET"]}}],"collection":[{"href":"https:\/\/gliki.at\/en\/wp-json\/wp\/v2\/product"}],"about":[{"href":"https:\/\/gliki.at\/en\/wp-json\/wp\/v2\/types\/product"}],"version-history":[{"count":3,"href":"https:\/\/gliki.at\/en\/wp-json\/wp\/v2\/product\/34264\/revisions"}],"predecessor-version":[{"id":34271,"href":"https:\/\/gliki.at\/en\/wp-json\/wp\/v2\/product\/34264\/revisions\/34271"}],"wp:featuredmedia":[{"embeddable":true,"href":"https:\/\/gliki.at\/en\/wp-json\/wp\/v2\/media\/34265"}],"wp:attachment":[{"href":"https:\/\/gliki.at\/en\/wp-json\/wp\/v2\/media?parent=34264"}],"wp:term":[{"taxonomy":"product_brand","embeddable":true,"href":"https:\/\/gliki.at\/en\/wp-json\/wp\/v2\/product_brand?post=34264"},{"taxonomy":"product_cat","embeddable":true,"href":"https:\/\/gliki.at\/en\/wp-json\/wp\/v2\/product_cat?post=34264"},{"taxonomy":"product_tag","embeddable":true,"href":"https:\/\/gliki.at\/en\/wp-json\/wp\/v2\/product_tag?post=34264"}],"curies":[{"name":"wp","href":"https:\/\/api.w.org\/{rel}","templated":true}]}}