{"id":34478,"date":"2025-10-14T14:44:57","date_gmt":"2025-10-14T12:44:57","guid":{"rendered":"https:\/\/gliki.at\/?post_type=product&#038;p=34478"},"modified":"2025-10-14T14:44:57","modified_gmt":"2025-10-14T12:44:57","slug":"ema-kapacitivni-prekidac-fi34-20mm-pnp-10-36v-dc","status":"publish","type":"product","link":"https:\/\/gliki.at\/en\/shop\/industrijski-senzori\/kapacitivni\/ema-kapacitivni-prekidac-fi34-20mm-pnp-10-36v-dc\/","title":{"rendered":"EMA kapacitivni prekida\u010d fi34 20mm PNP 10-36V DC"},"content":{"rendered":"<p>Kapacitivni senzor blizine<\/p>\n<p>\u2013 Beskontaktno i ta\u010dkasto merenje nivoa<br \/>\n\u2013 Detekcija materijala: metal \/ nemetal<br \/>\n\u2013 Pogodan za plasti\u010dne rezervoare i bo\u010dna stakla, bez bu\u0161enja rupa<br \/>\n\u2013 Mo\u017ee se koristiti za merenje nivoa<br \/>\n\u2013 Dimenzije: M18, M30, \u00d834, 35\u00d770 mm (smart tip sa ravnim montiranjem)<br \/>\n\u2013 Montiranje: bez iskri\u010denja<br \/>\n\u2013 Izlaz: PNP\/NPN, NO\/NC<br \/>\n\u2013 Prikaz: LED dugog veka trajanja<br \/>\n\u2013 Povezivanje: kabl ili konektor<br \/>\n\u2013 Stepen za\u0161tite: IP67<\/p>","protected":false},"excerpt":{"rendered":"<p>Kapacitivni senzor blizine za beskontaktno merenje nivoa metala i nemetala, pogodan za plasti\u010dne rezervoare i staklene povr\u0161ine bez bu\u0161enja, sa IP67 za\u0161titom i LED prikazom.<\/p>","protected":false},"featured_media":34479,"template":"","meta":[],"product_brand":[177],"product_cat":[89,30],"product_tag":[],"class_list":{"0":"post-34478","1":"product","2":"type-product","3":"status-publish","4":"has-post-thumbnail","6":"product_brand-ema","7":"product_cat-kapacitivni","8":"product_cat-industrijski-senzori","10":"first","11":"instock","12":"taxable","13":"shipping-taxable","14":"purchasable","15":"product-type-simple"},"_links":{"self":[{"href":"https:\/\/gliki.at\/en\/wp-json\/wp\/v2\/product\/34478","targetHints":{"allow":["GET"]}}],"collection":[{"href":"https:\/\/gliki.at\/en\/wp-json\/wp\/v2\/product"}],"about":[{"href":"https:\/\/gliki.at\/en\/wp-json\/wp\/v2\/types\/product"}],"version-history":[{"count":2,"href":"https:\/\/gliki.at\/en\/wp-json\/wp\/v2\/product\/34478\/revisions"}],"predecessor-version":[{"id":34481,"href":"https:\/\/gliki.at\/en\/wp-json\/wp\/v2\/product\/34478\/revisions\/34481"}],"wp:featuredmedia":[{"embeddable":true,"href":"https:\/\/gliki.at\/en\/wp-json\/wp\/v2\/media\/34479"}],"wp:attachment":[{"href":"https:\/\/gliki.at\/en\/wp-json\/wp\/v2\/media?parent=34478"}],"wp:term":[{"taxonomy":"product_brand","embeddable":true,"href":"https:\/\/gliki.at\/en\/wp-json\/wp\/v2\/product_brand?post=34478"},{"taxonomy":"product_cat","embeddable":true,"href":"https:\/\/gliki.at\/en\/wp-json\/wp\/v2\/product_cat?post=34478"},{"taxonomy":"product_tag","embeddable":true,"href":"https:\/\/gliki.at\/en\/wp-json\/wp\/v2\/product_tag?post=34478"}],"curies":[{"name":"wp","href":"https:\/\/api.w.org\/{rel}","templated":true}]}}