{"id":34482,"date":"2025-10-14T15:31:09","date_gmt":"2025-10-14T13:31:09","guid":{"rendered":"https:\/\/gliki.at\/?post_type=product&#038;p=34482"},"modified":"2025-10-14T15:31:09","modified_gmt":"2025-10-14T13:31:09","slug":"ema-nivostat-za-horizontalnu-ugradnju","status":"publish","type":"product","link":"https:\/\/gliki.at\/en\/shop\/industrijski-senzori\/ema-nivostat-za-horizontalnu-ugradnju\/","title":{"rendered":"EMA nivostat za horizontalnu ugradnju"},"content":{"rendered":"<p>Pogodan za te\u010dnosti<br \/>\nMerenje nivoa ta\u010dka po ta\u010dka<br \/>\nBo\u010dno montiranje<br \/>\nJednostavno rukovanje i laka instalacija<br \/>\nIzlaz NO ili NC<br \/>\nKorisnik mo\u017ee izabrati LS0003 za jake kiseline\/baze<br \/>\nPouzdanost preko 2 miliona radnih ciklusa<br \/>\nLS1 serija mo\u017ee dosti\u0107i do 200\u2103<br \/>\nElektri\u010dni dizajn: AC\/DC<br \/>\nIzlaz: NO\/NC<br \/>\nRadni pritisak: 10 bar<br \/>\nRadna temperatura: LS0 serija -20\u202680\/100\u2103, LS1 serija -20\u2026200\u2103<\/p>","protected":false},"excerpt":{"rendered":"<p>Pogodan za te\u010dnosti, ta\u010dkasto merenje nivoa, bo\u010dno montiranje, jednostavna instalacija, NO\/NC izlaz, otporan na jake kiseline\/baze, radni pritisak do 10 bar i temperatura do 200\u2103.<\/p>","protected":false},"featured_media":34483,"template":"","meta":[],"product_brand":[177],"product_cat":[30,93],"product_tag":[],"class_list":{"0":"post-34482","1":"product","2":"type-product","3":"status-publish","4":"has-post-thumbnail","6":"product_brand-ema","7":"product_cat-industrijski-senzori","8":"product_cat-detektori-nivoa","10":"first","11":"instock","12":"taxable","13":"shipping-taxable","14":"purchasable","15":"product-type-simple"},"_links":{"self":[{"href":"https:\/\/gliki.at\/en\/wp-json\/wp\/v2\/product\/34482","targetHints":{"allow":["GET"]}}],"collection":[{"href":"https:\/\/gliki.at\/en\/wp-json\/wp\/v2\/product"}],"about":[{"href":"https:\/\/gliki.at\/en\/wp-json\/wp\/v2\/types\/product"}],"version-history":[{"count":2,"href":"https:\/\/gliki.at\/en\/wp-json\/wp\/v2\/product\/34482\/revisions"}],"predecessor-version":[{"id":34485,"href":"https:\/\/gliki.at\/en\/wp-json\/wp\/v2\/product\/34482\/revisions\/34485"}],"wp:featuredmedia":[{"embeddable":true,"href":"https:\/\/gliki.at\/en\/wp-json\/wp\/v2\/media\/34483"}],"wp:attachment":[{"href":"https:\/\/gliki.at\/en\/wp-json\/wp\/v2\/media?parent=34482"}],"wp:term":[{"taxonomy":"product_brand","embeddable":true,"href":"https:\/\/gliki.at\/en\/wp-json\/wp\/v2\/product_brand?post=34482"},{"taxonomy":"product_cat","embeddable":true,"href":"https:\/\/gliki.at\/en\/wp-json\/wp\/v2\/product_cat?post=34482"},{"taxonomy":"product_tag","embeddable":true,"href":"https:\/\/gliki.at\/en\/wp-json\/wp\/v2\/product_tag?post=34482"}],"curies":[{"name":"wp","href":"https:\/\/api.w.org\/{rel}","templated":true}]}}