{"id":34505,"date":"2025-10-15T11:13:44","date_gmt":"2025-10-15T09:13:44","guid":{"rendered":"https:\/\/gliki.at\/?post_type=product&#038;p=34505"},"modified":"2025-10-15T11:13:44","modified_gmt":"2025-10-15T09:13:44","slug":"datasensing-induktivni-senzor-at1-op-3h","status":"publish","type":"product","link":"https:\/\/gliki.at\/en\/shop\/industrijski-senzori\/datasensing-induktivni-senzor-at1-op-3h\/","title":{"rendered":"Datasensing Induktivni senzor  AT1\/OP 3H"},"content":{"rendered":"<p>Nominalno rastojanje detekcije: 15 mm<br \/>\nRadno rastojanje: 0\u202612,1 mm<br \/>\nStandardna meta: 45\u00d745 mm FE360<br \/>\nKorekcioni faktor: bakar 0,35 \/ aluminijum 0,45 \/ mesing 0,50 \/ ner\u0111aju\u0107i \u010delik 0,70<br \/>\nTermalni drift Sr: &lt; 10%<br \/>\nPonovljivost: &lt; 5% (UB 24V, Ta = 23\u00b0C \u00b15\u00b0C)<br \/>\nHistereza: 1 \u2026 20%<\/p>\n<p>Primena<\/p>\n<p>Opis: M30 standardno ugradno (flush mount) ku\u0107i\u0161te<br \/>\nFunkcija: Proximity senzor<\/p>\n<p>Izlazi<\/p>\n<p>Tip izlaza: PNP<br \/>\nFunkcija izlaza: NO + NC (normalno otvoren + normalno zatvoren)<br \/>\nFrekvencija preklapanja: 200 Hz<\/p>\n<p>Elektri\u010dne karakteristike<\/p>\n<p>Radni napon: 10&#8230;30 V DC<br \/>\nStruja bez optere\u0107enja: \u2264 20 mA<br \/>\nStruja optere\u0107enja: \u2264 400 mA<br \/>\nPropu\u0161taju\u0107a struja: \u2264 10 \u03bcA<br \/>\nPad napona na izlazu: \u2264 1 V @ 400 mA<br \/>\nMaksimalni nabor (ripple): \u2264 10%<br \/>\nLED indikacija: \u017duta LED \u2013 stanje izlaza<br \/>\nVreme do aktivacije: \u2264 100 ms<br \/>\nZa\u0161tita od kratkog spoja: Da<br \/>\nZa\u0161tita od obrnutog polariteta: Da<br \/>\nZa\u0161tita od prenapona: Da<br \/>\nZa\u0161tita od induktivnih optere\u0107enja: Da<\/p>\n<p>Mehani\u010dke karakteristike<\/p>\n<p>Monta\u017ea: Ugradna (Shielded)<br \/>\nDimenzije: M30 x 1,5 \/ du\u017eina 76 mm<br \/>\nTe\u017eina: 150 g<br \/>\nKu\u0107i\u0161te: Niklovani mesing<br \/>\nKonekcija: M12 konektor<br \/>\nAktivna glava: PBT<br \/>\nMoment zatezanja: 50 Nm<br \/>\nRadna temperatura: -25\u00b0C\u2026+70\u00b0C<br \/>\nMaterijal: Niklovani mesing<br \/>\nPre\u010dnik: M30<\/p>\n<p>Sertifikati i za\u0161tita<\/p>\n<p>Odobrenja: CE, UR<br \/>\nEMC kompatibilnost: IEC 60947-5-2<br \/>\nOtpornost na udarce i vibracije: IEC 60068-2-6 \/ IEC 60068-2-27<br \/>\nStepen za\u0161tite: IP67<\/p>\n<p>Pribor<\/p>\n<p>U kompletu: 2 matice M30x1.5<\/p>","protected":false},"excerpt":{"rendered":"<p>M30 PNP NO+NC proximity senzor sa 15 mm rastojanjem detekcije, IP67 za\u0161titom i niklovanim mesinganim ku\u0107i\u0161tem. Brza frekvencija preklapanja 200 Hz, za\u0161tita od kratkog spoja, obrnutog polariteta i prenapona \u2014 pouzdan za zahtevne industrijske aplikacije.<\/p>","protected":false},"featured_media":34506,"template":"","meta":[],"product_brand":[],"product_cat":[30,90],"product_tag":[],"class_list":{"0":"post-34505","1":"product","2":"type-product","3":"status-publish","4":"has-post-thumbnail","6":"product_cat-industrijski-senzori","7":"product_cat-induktivni","9":"first","10":"instock","11":"taxable","12":"shipping-taxable","13":"purchasable","14":"product-type-simple"},"_links":{"self":[{"href":"https:\/\/gliki.at\/en\/wp-json\/wp\/v2\/product\/34505","targetHints":{"allow":["GET"]}}],"collection":[{"href":"https:\/\/gliki.at\/en\/wp-json\/wp\/v2\/product"}],"about":[{"href":"https:\/\/gliki.at\/en\/wp-json\/wp\/v2\/types\/product"}],"version-history":[{"count":2,"href":"https:\/\/gliki.at\/en\/wp-json\/wp\/v2\/product\/34505\/revisions"}],"predecessor-version":[{"id":34508,"href":"https:\/\/gliki.at\/en\/wp-json\/wp\/v2\/product\/34505\/revisions\/34508"}],"wp:featuredmedia":[{"embeddable":true,"href":"https:\/\/gliki.at\/en\/wp-json\/wp\/v2\/media\/34506"}],"wp:attachment":[{"href":"https:\/\/gliki.at\/en\/wp-json\/wp\/v2\/media?parent=34505"}],"wp:term":[{"taxonomy":"product_brand","embeddable":true,"href":"https:\/\/gliki.at\/en\/wp-json\/wp\/v2\/product_brand?post=34505"},{"taxonomy":"product_cat","embeddable":true,"href":"https:\/\/gliki.at\/en\/wp-json\/wp\/v2\/product_cat?post=34505"},{"taxonomy":"product_tag","embeddable":true,"href":"https:\/\/gliki.at\/en\/wp-json\/wp\/v2\/product_tag?post=34505"}],"curies":[{"name":"wp","href":"https:\/\/api.w.org\/{rel}","templated":true}]}}