{"id":34520,"date":"2025-10-15T15:45:56","date_gmt":"2025-10-15T13:45:56","guid":{"rendered":"https:\/\/gliki.at\/?post_type=product&#038;p=34520"},"modified":"2025-10-15T15:45:56","modified_gmt":"2025-10-15T13:45:56","slug":"datasensing-induktivni-senzor-ak1-ap-3a","status":"publish","type":"product","link":"https:\/\/gliki.at\/en\/shop\/industrijski-senzori\/datasensing-induktivni-senzor-ak1-ap-3a\/","title":{"rendered":"Datasensing Induktivni senzor AK1\/AP 3A"},"content":{"rendered":"<p>Nominal sensing distance: 8mm<br \/>\nOperating distance: 0\u20266.48mm<br \/>\nStandard target: 24x24mm FE360<br \/>\nCorrection Factor: copper 0.40 \/ aluminium 0.45 \/ brass 0.50 \/ stainless steel 0.75<br \/>\nThermal drift of Sr: &lt; 10%<br \/>\nRepeat accuracy: &lt; 5% (UB 24V Ta = 23\u00b0C \u00b15\u00b0C)<br \/>\nHysteresis: 1 \u2026 20%<\/p>\n<p>Application<br \/>\nDescription: M18 standard flush mount<br \/>\nFunction: Proximity<\/p>\n<p>Outputs<br \/>\nOutput type: PNP<br \/>\nOutput function: NO<br \/>\nSwitching frequency: 300Hz<\/p>\n<p>Electrical data<br \/>\nOperating voltage: 10&#8230;30VDC<br \/>\nNo-load supply current: \u2264 20mA<br \/>\nLoad current: \u2264 400mA<br \/>\nLeakage current: \u2264 10\u03bcA<br \/>\nOutput voltage drop: \u2264 1V @400mA<br \/>\nMax ripple content: \u2264 10%<br \/>\nLED indicator: Yellow LED output state<br \/>\nTime delay before availability: \u2264 50ms<br \/>\nShort-circuit protection: Yes<br \/>\nReverse polarity protection: Yes<br \/>\nImpulse overvoltage protection: Yes<br \/>\nProtection against inductive loads: Yes<\/p>\n<p>Mechanical data<br \/>\nMounting: Shielded<br \/>\nDimensions: M18 x 1 \/ L = 50mm<br \/>\nWeight: 130g<br \/>\nHousing material: Nickel-plated brass<br \/>\nConnection: 2m PVC cable<br \/>\nActive head material: PBT<br \/>\nTightening torque: 25Nm<br \/>\nOperating temperature: -25\u00b0C\u2026+70\u00b0C<br \/>\nMaterial: Nickel-plated brass<br \/>\nDiameter\/Dimension: M18<\/p>\n<p>Tests\/Approvals<br \/>\nApprovals: CE UR<br \/>\nEMC compatibility: IEC 60947-5-2<br \/>\nShocks and vibrations: Vibration IEC 60068-2-6 \/ Shock IEC 60068-2-27<br \/>\nDegree of protection: IP67<\/p>\n<p>Accessories<br \/>\nSupplied accessories: 2 nuts M18x1<\/p>\n<p>General data<br \/>\nDimensions: M18 x 1 \/ L = 50mm<br \/>\nOperating temperature: -25\u00b0C\u2026+70\u00b0C<br \/>\nMechanical protection: IP67<\/p>","protected":false},"excerpt":{"rendered":"<p>Robustan M18 induktivni senzor sa 8 mm dometom detekcije, PNP NO izlazom i IP67 za\u0161titom, idealan za pouzdanu detekciju metala u industrijskim uslovima. Nickel-plated brass ku\u0107i\u0161te, \u0161irok temperaturni opseg i ugra\u0111ene za\u0161tite osiguravaju dug radni vek i stabilne performanse.<\/p>","protected":false},"featured_media":34521,"template":"","meta":[],"product_brand":[243],"product_cat":[30,90],"product_tag":[],"class_list":{"0":"post-34520","1":"product","2":"type-product","3":"status-publish","4":"has-post-thumbnail","6":"product_brand-datasensing","7":"product_cat-industrijski-senzori","8":"product_cat-induktivni","10":"first","11":"instock","12":"taxable","13":"shipping-taxable","14":"purchasable","15":"product-type-simple"},"_links":{"self":[{"href":"https:\/\/gliki.at\/en\/wp-json\/wp\/v2\/product\/34520","targetHints":{"allow":["GET"]}}],"collection":[{"href":"https:\/\/gliki.at\/en\/wp-json\/wp\/v2\/product"}],"about":[{"href":"https:\/\/gliki.at\/en\/wp-json\/wp\/v2\/types\/product"}],"version-history":[{"count":1,"href":"https:\/\/gliki.at\/en\/wp-json\/wp\/v2\/product\/34520\/revisions"}],"predecessor-version":[{"id":34523,"href":"https:\/\/gliki.at\/en\/wp-json\/wp\/v2\/product\/34520\/revisions\/34523"}],"wp:featuredmedia":[{"embeddable":true,"href":"https:\/\/gliki.at\/en\/wp-json\/wp\/v2\/media\/34521"}],"wp:attachment":[{"href":"https:\/\/gliki.at\/en\/wp-json\/wp\/v2\/media?parent=34520"}],"wp:term":[{"taxonomy":"product_brand","embeddable":true,"href":"https:\/\/gliki.at\/en\/wp-json\/wp\/v2\/product_brand?post=34520"},{"taxonomy":"product_cat","embeddable":true,"href":"https:\/\/gliki.at\/en\/wp-json\/wp\/v2\/product_cat?post=34520"},{"taxonomy":"product_tag","embeddable":true,"href":"https:\/\/gliki.at\/en\/wp-json\/wp\/v2\/product_tag?post=34520"}],"curies":[{"name":"wp","href":"https:\/\/api.w.org\/{rel}","templated":true}]}}