{"id":34563,"date":"2025-10-15T18:01:37","date_gmt":"2025-10-15T16:01:37","guid":{"rendered":"https:\/\/gliki.at\/?post_type=product&#038;p=34563"},"modified":"2025-10-15T18:01:37","modified_gmt":"2025-10-15T16:01:37","slug":"datasensing-induktivni-senzor-analogni-ak6-d2-5a","status":"publish","type":"product","link":"https:\/\/gliki.at\/en\/shop\/industrijski-senzori\/datasensing-induktivni-senzor-analogni-ak6-d2-5a\/","title":{"rendered":"Datasensing Induktivni senzor analogni AK6\/D2 5A"},"content":{"rendered":"<p>Nazivna udaljenost detekcije: 0\u202610 mm<br \/>\nRadna udaljenost: 0\u202610 mm<br \/>\nStandardna meta: 30&#215;30 mm FE360<br \/>\nToplotno odstupanje Sr: \u226410%<br \/>\nPovratna ta\u010dnost: 0,3 mm (UB 20\u202630 V DC, Ta=23\u00b0C \u00b15\u00b0C)<br \/>\nRezolucija: \u22642 \u00b5m<\/p>\n<p>Primena<br \/>\nOpis: M18 short case senzor, no-flush mount<br \/>\nFunkcije: Proximity senzor<\/p>\n<p>Izlazi<br \/>\nTip izlaza: Analogni<br \/>\nFunkcija izlaza: Analogni<br \/>\nNaponski analogni izlaz: 1 x 0\u202610 V<br \/>\nStrujni analogni izlaz: 1 x 4\u202620 mA<\/p>\n<p>Elektri\u010dni podaci<br \/>\nRadni napon: 10\u202630 V DC<br \/>\nStruja bez optere\u0107enja: \u226412 mA<br \/>\nStruja optere\u0107enja: \u226410 mA<br \/>\nIzlazni napon: 0 V &#8211; 0 + 0,4 V (23\u00b0C), +5,2 V \u00b10,4 V (23\u00b0C), +10 V \u00b10,4 V (23\u00b0C)<br \/>\nFrekvencija preklapanja: 500 Hz<br \/>\nMaksimalna struja izlaza: 4 mA \u00b10,8 mA (23\u00b0C) \u2013 20 mA \u00b10,8 mA (23\u00b0C)<br \/>\nMaksimalni kapacitivni teret: 500 \u03a9 (UB = 15 V) \/ 1 k\u03a9 (UB = 30 V)<br \/>\nMaksimalno naborenje napona: \u226420%<br \/>\nVreme do spremnosti za rad: \u226450 ms<br \/>\nZa\u0161tite: kratki spoj, obrnuta polaritet, impulsni prenapon<\/p>\n<p>Mehani\u010dki podaci<br \/>\nMonta\u017ea: Delimi\u010dno oklopljeni (Partially Shielded)<br \/>\nDimenzije: M18 x 1 \/ L = 36 mm<br \/>\nTe\u017eina: 116 g<br \/>\nKu\u0107i\u0161te: Mesing niklovan<br \/>\nPovezivanje: 2 m PVC kabl<br \/>\nAktivna glava: PBT<br \/>\nMoment zatezanja: 25 Nm<br \/>\nTemperaturni radni opseg: -25\u00b0C\u2026+70\u00b0C<\/p>\n<p>Testovi \/ Sertifikati<br \/>\nOdobrenja: CE<br \/>\nEMC kompatibilnost: IEC 60947-5-2<br \/>\nOtpornost na udarce i vibracije: Vibracije IEC 60068-2-6 \/ Udarci IEC 60068-2-27<br \/>\nZa\u0161tita: IP67<\/p>\n<p>Dodaci u pakovanju: 2 matice M18x1<\/p>","protected":false},"excerpt":{"rendered":"<p>M18 analogni proximity senzor 0\u202610 mm sa 0\u201310 V i 4\u201320 mA izlazima, delimi\u010dno oklopljen, ku\u0107i\u0161te od niklovanog mesinga, 2 m PVC kabl i IP67 za\u0161tita za precizne industrijske primene.<\/p>","protected":false},"featured_media":34564,"template":"","meta":[],"product_brand":[243],"product_cat":[30,90],"product_tag":[],"class_list":{"0":"post-34563","1":"product","2":"type-product","3":"status-publish","4":"has-post-thumbnail","6":"product_brand-datasensing","7":"product_cat-industrijski-senzori","8":"product_cat-induktivni","10":"first","11":"instock","12":"taxable","13":"shipping-taxable","14":"purchasable","15":"product-type-simple"},"_links":{"self":[{"href":"https:\/\/gliki.at\/en\/wp-json\/wp\/v2\/product\/34563","targetHints":{"allow":["GET"]}}],"collection":[{"href":"https:\/\/gliki.at\/en\/wp-json\/wp\/v2\/product"}],"about":[{"href":"https:\/\/gliki.at\/en\/wp-json\/wp\/v2\/types\/product"}],"version-history":[{"count":1,"href":"https:\/\/gliki.at\/en\/wp-json\/wp\/v2\/product\/34563\/revisions"}],"predecessor-version":[{"id":34565,"href":"https:\/\/gliki.at\/en\/wp-json\/wp\/v2\/product\/34563\/revisions\/34565"}],"wp:featuredmedia":[{"embeddable":true,"href":"https:\/\/gliki.at\/en\/wp-json\/wp\/v2\/media\/34564"}],"wp:attachment":[{"href":"https:\/\/gliki.at\/en\/wp-json\/wp\/v2\/media?parent=34563"}],"wp:term":[{"taxonomy":"product_brand","embeddable":true,"href":"https:\/\/gliki.at\/en\/wp-json\/wp\/v2\/product_brand?post=34563"},{"taxonomy":"product_cat","embeddable":true,"href":"https:\/\/gliki.at\/en\/wp-json\/wp\/v2\/product_cat?post=34563"},{"taxonomy":"product_tag","embeddable":true,"href":"https:\/\/gliki.at\/en\/wp-json\/wp\/v2\/product_tag?post=34563"}],"curies":[{"name":"wp","href":"https:\/\/api.w.org\/{rel}","templated":true}]}}